{"id":862,"date":"2025-11-25T21:29:46","date_gmt":"2025-11-25T21:29:46","guid":{"rendered":"https:\/\/vvboats.lt\/?post_type=product&#038;p=862"},"modified":"2025-11-30T10:04:29","modified_gmt":"2025-11-30T10:04:29","slug":"pripuciama-valtis-orest-vv-m430-dnd","status":"publish","type":"product","link":"https:\/\/vvboats.lt\/ru\/product\/pripuciama-valtis-orest-vv-m430-dnd\/","title":{"rendered":"\u041d\u0430\u0434\u0443\u0432\u043d\u0430\u044f \u041f\u0412\u0425 \u043b\u043e\u0434\u043a\u0430 OREST VV M-430 DND"},"content":{"rendered":"<p data-start=\"204\" data-end=\"579\">\u041d\u0430\u0434\u0443\u0432\u043d\u0430\u044f \u041f\u0412\u0425 \u043b\u043e\u0434\u043a\u0430 <strong data-start=\"226\" data-end=\"248\">OREST VV M-430 DND<\/strong> \u2013 tai didel\u0117s klas\u0117s, itin stabili ir talpi valtis su \u017eemo sl\u0117gio pripu\u010diamu dugnu (NDND), skirta rimtai \u017evejybai, ilgiems plaukimams ir profesionaliam naudojimui. 430 cm ilgio valtis talpina iki 6 asmen\u0173 ir i\u0161laiko net 900 kg apkrov\u0105, tod\u0117l puikiai tinka tiek komerciniam naudojimui, tiek sud\u0117tingoms kelion\u0117ms e\u017eeruose ar up\u0117se.<\/p>\n<p data-start=\"581\" data-end=\"872\" class=\"translation-block\">\u041a\u043e\u0440\u043f\u0443\u0441 \u0438\u0437\u0433\u043e\u0442\u043e\u0432\u043b\u0435\u043d \u0438\u0437 \u0443\u0441\u0438\u043b\u0435\u043d\u043d\u043e\u0433\u043e PVC \u043f\u043b\u043e\u0442\u043d\u043e\u0441\u0442\u044c\u044e 1100 \u0433\/\u043c\u00b2 (\u042e\u0436\u043d\u0430\u044f \u041a\u043e\u0440\u0435\u044f), \u043a\u043e\u0442\u043e\u0440\u044b\u0439 \u043e\u0442\u043b\u0438\u0447\u0430\u0435\u0442\u0441\u044f \u0441\u0442\u043e\u0439\u043a\u043e\u0441\u0442\u044c\u044e \u043a \u0443\u043b\u044c\u0442\u0440\u0430\u0444\u0438\u043e\u043b\u0435\u0442\u0443, \u0438\u0441\u0442\u0438\u0440\u0430\u043d\u0438\u044e \u0438 \u043c\u0435\u0445\u0430\u043d\u0438\u0447\u0435\u0441\u043a\u0438\u043c \u043f\u043e\u0432\u0440\u0435\u0436\u0434\u0435\u043d\u0438\u044f\u043c. \u0412\u0441\u0435 \u0448\u0432\u044b \u0441\u0432\u0430\u0440\u0435\u043d\u044b \u0433\u043e\u0440\u044f\u0447\u0438\u043c \u0432\u043e\u0437\u0434\u0443\u0445\u043e\u043c, \u0447\u0442\u043e \u043e\u0431\u0435\u0441\u043f\u0435\u0447\u0438\u0432\u0430\u0435\u0442 \u043f\u043e\u043b\u043d\u0443\u044e \u0433\u0435\u0440\u043c\u0435\u0442\u0438\u0447\u043d\u043e\u0441\u0442\u044c \u0438 \u0432\u044b\u0441\u043e\u043a\u0443\u044e \u0434\u043e\u043b\u0433\u043e\u0432\u0435\u0447\u043d\u043e\u0441\u0442\u044c \u0434\u0430\u0436\u0435 \u043f\u0440\u0438 \u0441\u0438\u043b\u044c\u043d\u044b\u0445 \u043d\u0430\u0433\u0440\u0443\u0437\u043a\u0430\u0445.<\/p>\n<p data-start=\"874\" data-end=\"1215\">\u0414\u043d\u043e NDND (\u043d\u0438\u0437\u043a\u043e\u0433\u043e \u0434\u0430\u0432\u043b\u0435\u043d\u0438\u044f) \u043e\u0431\u0435\u0441\u043f\u0435\u0447\u0438\u0432\u0430\u0435\u0442 \u043c\u0430\u043a\u0441\u0438\u043c\u0430\u043b\u044c\u043d\u0443\u044e \u0443\u0441\u0442\u043e\u0439\u0447\u0438\u0432\u043e\u0441\u0442\u044c \u043b\u043e\u0434\u043a\u0438. \u0422\u0430\u043a\u0430\u044f \u043a\u043e\u043d\u0441\u0442\u0440\u0443\u043a\u0446\u0438\u044f \u0433\u0430\u0441\u0438\u0442 \u0432\u0438\u0431\u0440\u0430\u0446\u0438\u044e, \u0434\u0435\u043b\u0430\u0435\u0442 \u043f\u0435\u0440\u0435\u043c\u0435\u0449\u0435\u043d\u0438\u0435 \u043f\u043e \u043b\u043e\u0434\u043a\u0435 \u043a\u043e\u043c\u0444\u043e\u0440\u0442\u043d\u044b\u043c \u0438 \u0443\u043b\u0443\u0447\u0448\u0430\u0435\u0442 \u0443\u043f\u0440\u0430\u0432\u043b\u044f\u0435\u043c\u043e\u0441\u0442\u044c \u043d\u0430 \u0432\u043e\u043b\u043d\u0435. \u0414\u043d\u043e \u0431\u044b\u0441\u0442\u0440\u043e \u043d\u0430\u043a\u0430\u0447\u0438\u0432\u0430\u0435\u0442\u0441\u044f \u0438 \u0441\u0434\u0443\u0432\u0430\u0435\u0442\u0441\u044f, \u0430 \u0441\u0430\u043c\u0430 \u043b\u043e\u0434\u043a\u0430 \u043e\u0441\u0442\u0430\u0451\u0442\u0441\u044f \u0434\u043e\u0441\u0442\u0430\u0442\u043e\u0447\u043d\u043e \u043c\u043e\u0431\u0438\u043b\u044c\u043d\u043e\u0439 \u0434\u043b\u044f \u0442\u0440\u0430\u043d\u0441\u043f\u043e\u0440\u0442\u0438\u0440\u043e\u0432\u043a\u0438 \u0432 \u0430\u0432\u0442\u043e\u043c\u043e\u0431\u0438\u043b\u0435.<\/p>\n<p data-start=\"1217\" data-end=\"1476\" class=\"translation-block\">\u041c\u043e\u0434\u0435\u043b\u044c \u043e\u0441\u043d\u0430\u0449\u0435\u043d\u0430 4+1 \u0433\u0435\u0440\u043c\u043e\u043e\u0442\u0441\u0435\u043a\u043e\u043c, \u0431\u043b\u0430\u0433\u043e\u0434\u0430\u0440\u044f \u0447\u0435\u043c\u0443 \u043b\u043e\u0434\u043a\u0430 \u0441\u043e\u0445\u0440\u0430\u043d\u044f\u0435\u0442 \u043f\u043b\u0430\u0432\u0443\u0447\u0435\u0441\u0442\u044c \u0434\u0430\u0436\u0435 \u043f\u0440\u0438 \u043f\u043e\u0432\u0440\u0435\u0436\u0434\u0435\u043d\u0438\u0438 \u043e\u0434\u043d\u043e\u0433\u043e \u0438\u0437 \u043d\u0438\u0445. \u041f\u0440\u043e\u0441\u0442\u043e\u0440\u043d\u044b\u0439 \u0432\u043d\u0443\u0442\u0440\u0435\u043d\u043d\u0438\u0439 \u043a\u043e\u043a\u043f\u0438\u0442 \u0448\u0438\u0440\u0438\u043d\u043e\u0439 \u043e\u043a\u043e\u043b\u043e 80 \u0441\u043c \u043f\u043e\u0437\u0432\u043e\u043b\u044f\u0435\u0442 \u0443\u0434\u043e\u0431\u043d\u043e \u0440\u0430\u0437\u043c\u0435\u0441\u0442\u0438\u0442\u044c \u043e\u0431\u043e\u0440\u0443\u0434\u043e\u0432\u0430\u043d\u0438\u0435 \u0438 \u043f\u0430\u0441\u0441\u0430\u0436\u0438\u0440\u043e\u0432, \u0430 \u043a\u043e\u0440\u043f\u0443\u0441 \u0448\u0438\u0440\u0438\u043d\u043e\u0439 190 \u0441\u043c \u043f\u043e\u0432\u044b\u0448\u0430\u0435\u0442 \u043a\u043e\u043c\u0444\u043e\u0440\u0442 \u043f\u0440\u0438 \u0434\u043b\u0438\u0442\u0435\u043b\u044c\u043d\u043e\u043c \u0438\u0441\u043f\u043e\u043b\u044c\u0437\u043e\u0432\u0430\u043d\u0438\u0438.<\/p>\n<p data-start=\"1478\" data-end=\"1631\" class=\"translation-block\">\u0414\u043b\u044f \u0434\u0430\u043d\u043d\u043e\u0439 \u043c\u043e\u0434\u0435\u043b\u0438 \u0440\u0435\u043a\u043e\u043c\u0435\u043d\u0434\u043e\u0432\u0430\u043d \u043a\u043e\u043a\u043f\u0438\u0442 \u00d845 \/ 80 cm, \u043f\u043e\u0434\u0445\u043e\u0434\u044f\u0449\u0438\u0439 \u0434\u043b\u044f \u043b\u043e\u0434\u043e\u043a \u0434\u043b\u0438\u043d\u043e\u0439 420\u2013450 \u0441\u043c. \u041e\u043d \u043e\u0431\u0435\u0441\u043f\u0435\u0447\u0438\u0432\u0430\u0435\u0442 \u043e\u043f\u0442\u0438\u043c\u0430\u043b\u044c\u043d\u0443\u044e \u0436\u0451\u0441\u0442\u043a\u043e\u0441\u0442\u044c \u043e\u0441\u043d\u043e\u0432\u0430\u043d\u0438\u044f \u0438 \u0434\u043e\u043f\u043e\u043b\u043d\u0438\u0442\u0435\u043b\u044c\u043d\u0443\u044e \u0443\u0441\u0442\u043e\u0439\u0447\u0438\u0432\u043e\u0441\u0442\u044c.<\/p>\n<p data-start=\"1633\" data-end=\"1861\" class=\"translation-block\">OREST VV M-430 \u0441\u043e\u0432\u043c\u0435\u0441\u0442\u0438\u043c\u0430 \u0441 \u043c\u043e\u0442\u043e\u0440\u0430\u043c\u0438 \u043c\u043e\u0449\u043d\u043e\u0441\u0442\u044c\u044e \u0434\u043e 25 \u043b.\u0441., \u0447\u0442\u043e \u0434\u0435\u043b\u0430\u0435\u0442 \u0435\u0451 \u043e\u0442\u043b\u0438\u0447\u043d\u044b\u043c \u0432\u044b\u0431\u043e\u0440\u043e\u043c \u0434\u043b\u044f \u0440\u044b\u0431\u0430\u043b\u043a\u0438, \u043f\u0443\u0442\u0435\u0448\u0435\u0441\u0442\u0432\u0438\u0439 \u0438 \u043f\u0440\u043e\u0444\u0435\u0441\u0441\u0438\u043e\u043d\u0430\u043b\u044c\u043d\u043e\u0439 \u044d\u043a\u0441\u043f\u043b\u0443\u0430\u0442\u0430\u0446\u0438\u0438. \u041b\u043e\u0434\u043a\u0430 \u0441\u043e\u0447\u0435\u0442\u0430\u0435\u0442 \u0432\u044b\u0441\u043e\u043a\u0443\u044e \u043f\u0440\u043e\u0447\u043d\u043e\u0441\u0442\u044c, \u0443\u0434\u043e\u0431\u0441\u0442\u0432\u043e \u0438 \u0441\u0442\u0430\u0431\u0438\u043b\u044c\u043d\u043e\u0441\u0442\u044c \u0434\u0430\u0436\u0435 \u043f\u0440\u0438 \u043f\u043e\u043b\u043d\u043e\u0439 \u0437\u0430\u0433\u0440\u0443\u0437\u043a\u0435.<\/p>","protected":false},"excerpt":{"rendered":"<ul>\n<li data-start=\"350\" data-end=\"418\">\n<p data-start=\"638\" data-end=\"982\"><strong data-start=\"638\" data-end=\"650\">\u041c\u043e\u0434\u0435\u043b\u044c<\/strong> OREST VV M-430 DND<br data-start=\"669\" data-end=\"672\" \/><strong data-start=\"672\" data-end=\"682\">\u0414\u043b\u0438\u043d\u0430<\/strong> 430 cm<br data-start=\"689\" data-end=\"692\" \/><strong data-start=\"692\" data-end=\"703\">\u0428\u0438\u0440\u0438\u043d\u0430<\/strong> 190 cm<br data-start=\"710\" data-end=\"713\" \/><strong data-start=\"713\" data-end=\"731\">\u0412\u044b\u0441\u043e\u0442\u0430 \u0431\u043e\u0440\u0442\u0430<\/strong> 49 cm<br data-start=\"737\" data-end=\"740\" \/><strong data-start=\"740\" data-end=\"761\">\u0414\u0438\u0430\u043c\u0435\u0442\u0440 \u0432\u043e\u0437\u0434\u0443\u0448\u043d\u043e\u0433\u043e \u0448\u0430\u0440\u0430, \u0441\u043c:<\/strong> ~50 cm<br data-start=\"768\" data-end=\"771\" \/><strong data-start=\"771\" data-end=\"792\">\u0412\u043d\u0443\u0442\u0440\u0435\u043d\u043d\u0438\u0439 \u043a\u043e\u043a\u043f\u0438\u0442:<\/strong> 80 cm<br data-start=\"798\" data-end=\"801\" \/><strong data-start=\"801\" data-end=\"832\">\u041a\u043e\u043b\u0438\u0447\u0435\u0441\u0442\u0432\u043e \u0433\u0435\u0440\u043c\u0435\u0442\u0438\u0447\u043d\u044b\u0445 \u043e\u0442\u0441\u0435\u043a\u043e\u0432, \u0448\u0442:<\/strong> 4+1<br data-start=\"836\" data-end=\"839\" data-is-only-node=\"\" \/><strong data-start=\"839\" data-end=\"858\">\u041f\u0430\u0441\u0441\u0430\u0436\u0438\u0440\u043e\u0432\u043c\u0435\u0441\u0442\u0438\u043c\u043e\u0441\u0442\u044c, \u0447\u0435\u043b:<\/strong> 6 asmenys<br data-start=\"868\" data-end=\"871\" \/><strong data-start=\"871\" data-end=\"901\">\u0413\u0440\u0443\u0437\u043e\u043f\u043e\u0434\u044a\u0435\u043c\u043d\u043e\u0441\u0442\u044c:<\/strong> 900 kg<br data-start=\"908\" data-end=\"911\" \/><strong data-start=\"911\" data-end=\"945\">\u0420\u0435\u043a\u043e\u043c\u0435\u043d\u0434\u0443\u0435\u043c\u0430\u044f \u043c\u043e\u0449\u043d\u043e\u0441\u0442\u044c \u043c\u043e\u0442\u043e\u0440\u0430:<\/strong> 25 AG<br data-start=\"951\" data-end=\"954\" \/><strong data-start=\"954\" data-end=\"973\">\u0412\u0435\u0441 \u043b\u043e\u0434\u043a\u0438:<\/strong> ~60 kg<\/p>\n<p data-start=\"984\" data-end=\"1069\"><strong data-start=\"984\" data-end=\"1006\">\u041f\u043e\u0434\u0445\u043e\u0434\u044f\u0449\u0438\u0439 \u043a\u043e\u043a\u043f\u0438\u0442:<\/strong> \u00d845 \/ 80 cm<br data-start=\"1018\" data-end=\"1021\" \/><strong data-start=\"1021\" data-end=\"1044\">\u041f\u043b\u043e\u0442\u043d\u043e\u0441\u0442\u044c \u0442\u043a\u0430\u043d\u0438 PVC<\/strong> 1100 g\/m\u00b2 (\u042e\u0436\u043d\u0430\u044f \u041a\u043e\u0440\u0435\u044f)<\/p>\n<p data-start=\"1071\" data-end=\"1238\" class=\"translation-block\">\u041d\u0430\u0434\u0443\u0432\u043d\u0430\u044f \u041f\u0412\u0425 \u043b\u043e\u0434\u043a\u0430 OREST VV M-430 DND \u2014 \u044d\u0442\u043e \u0431\u043e\u043b\u044c\u0448\u0430\u044f, \u0432\u044b\u0441\u043e\u043a\u043e\u0443\u0441\u0442\u043e\u0439\u0447\u0438\u0432\u0430\u044f \u0438 \u0432\u043c\u0435\u0441\u0442\u0438\u0442\u0435\u043b\u044c\u043d\u0430\u044f \u043c\u043e\u0434\u0435\u043b\u044c \u0441 \u043d\u0438\u0437\u043a\u043e\u043d\u0430\u043f\u043e\u0440\u043d\u044b\u043c \u0434\u043d\u043e\u043c NDND, \u0441\u043e\u0437\u0434\u0430\u043d\u043d\u0430\u044f \u0434\u043b\u044f \u0441\u0435\u0440\u044c\u0451\u0437\u043d\u043e\u0439 \u0440\u044b\u0431\u0430\u043b\u043a\u0438, \u0434\u043b\u0438\u0442\u0435\u043b\u044c\u043d\u044b\u0445 \u0432\u043e\u0434\u043d\u044b\u0445 \u043c\u0430\u0440\u0448\u0440\u0443\u0442\u043e\u0432 \u0438 \u043f\u0440\u043e\u0444\u0435\u0441\u0441\u0438\u043e\u043d\u0430\u043b\u044c\u043d\u043e\u0433\u043e \u043f\u0440\u0438\u043c\u0435\u043d\u0435\u043d\u0438\u044f. \u0414\u043b\u0438\u043d\u0430 430 \u0441\u043c \u043f\u043e\u0437\u0432\u043e\u043b\u044f\u0435\u0442 \u043a\u043e\u043c\u0444\u043e\u0440\u0442\u043d\u043e \u0440\u0430\u0437\u043c\u0435\u0441\u0442\u0438\u0442\u044c \u0434\u043e 6 \u0447\u0435\u043b\u043e\u0432\u0435\u043a, \u0430 \u0433\u0440\u0443\u0437\u043e\u043f\u043e\u0434\u044a\u0451\u043c\u043d\u043e\u0441\u0442\u044c \u0432 900 \u043a\u0433 \u0434\u0435\u043b\u0430\u0435\u0442 \u043b\u043e\u0434\u043a\u0443 \u043f\u043e\u0434\u0445\u043e\u0434\u044f\u0449\u0435\u0439 \u0434\u043b\u044f \u0438\u043d\u0442\u0435\u043d\u0441\u0438\u0432\u043d\u043e\u0439 \u044d\u043a\u0441\u043f\u043b\u0443\u0430\u0442\u0430\u0446\u0438\u0438.<\/p>\n<\/li>\n<\/ul>","protected":false},"featured_media":389,"comment_status":"open","ping_status":"closed","template":"","meta":[],"product_brand":[],"product_cat":[23],"product_tag":[],"class_list":{"0":"post-862","1":"product","2":"type-product","3":"status-publish","4":"has-post-thumbnail","6":"product_cat-pripuciamos-valtys-energy","8":"first","9":"instock","10":"shipping-taxable","11":"product-type-simple"},"yoast_head":"<!-- This site is optimized with the Yoast SEO plugin v26.4 - https:\/\/yoast.com\/wordpress\/plugins\/seo\/ -->\n<title>Pripu\u010diama valtis OREST VV M 430 DND - boats<\/title>\n<meta name=\"robots\" content=\"index, follow, max-snippet:-1, max-image-preview:large, max-video-preview:-1\" \/>\n<link rel=\"canonical\" href=\"https:\/\/vvboats.lt\/ru\/product\/pripuciama-valtis-orest-vv-m430-dnd\/\" \/>\n<meta property=\"og:locale\" content=\"ru_RU\" \/>\n<meta property=\"og:type\" content=\"article\" \/>\n<meta property=\"og:title\" content=\"Pripu\u010diama valtis OREST VV M 430 DND - boats\" \/>\n<meta property=\"og:description\" content=\"Modelis: OREST VV M-430 DNDIlgis: 430 cmPlotis: 190 cmBorto auk\u0161tis: 49 cmBalion\u0173 skersmuo: ~50 cmVidinis kokpitas: 80 cmHermetini\u0173 skyri\u0173 skai\u010dius: 4+1Keleivi\u0173 talpa: 6 asmenysMaksimali keliamoji galia: 900 kgRekomenduojama variklio galia: 25 AGValties svoris: ~60 kg Tinkamas kokpitas: \u00d845 \/ 80 cmPVC audinio tankis: 1100 g\/m\u00b2 (Piet\u0173 Kor\u0117ja) Trumpas apra\u0161ymas:Didel\u0117 ir stabili 4,3 m NDND valtis, skirta 6 asmenims. Sustiprintas PVC 1100 g\/m\u00b2, 4+1 hermetinis skyrius ir galimyb\u0117 montuoti iki 25 AG varikl\u012f.\" \/>\n<meta property=\"og:url\" content=\"https:\/\/vvboats.lt\/ru\/product\/pripuciama-valtis-orest-vv-m430-dnd\/\" \/>\n<meta property=\"og:site_name\" content=\"boats\" \/>\n<meta property=\"article:modified_time\" content=\"2025-11-30T10:04:29+00:00\" \/>\n<meta property=\"og:image\" content=\"https:\/\/vvboats.lt\/wp-content\/uploads\/2025\/11\/generated-image-30.png\" \/>\n\t<meta property=\"og:image:width\" content=\"1024\" \/>\n\t<meta property=\"og:image:height\" content=\"1024\" \/>\n\t<meta property=\"og:image:type\" content=\"image\/png\" \/>\n<meta name=\"twitter:card\" content=\"summary_large_image\" \/>\n<meta name=\"twitter:label1\" content=\"\u041f\u0440\u0438\u043c\u0435\u0440\u043d\u043e\u0435 \u0432\u0440\u0435\u043c\u044f \u0434\u043b\u044f \u0447\u0442\u0435\u043d\u0438\u044f\" \/>\n\t<meta name=\"twitter:data1\" content=\"2 \u043c\u0438\u043d\u0443\u0442\u044b\" \/>\n<script type=\"application\/ld+json\" class=\"yoast-schema-graph\">{\"@context\":\"https:\/\/schema.org\",\"@graph\":[{\"@type\":\"WebPage\",\"@id\":\"https:\/\/vvboats.lt\/product\/pripuciama-valtis-orest-vv-m430-dnd\/\",\"url\":\"https:\/\/vvboats.lt\/product\/pripuciama-valtis-orest-vv-m430-dnd\/\",\"name\":\"Pripu\u010diama valtis OREST VV M 430 DND - boats\",\"isPartOf\":{\"@id\":\"https:\/\/vvboats.lt\/#website\"},\"primaryImageOfPage\":{\"@id\":\"https:\/\/vvboats.lt\/product\/pripuciama-valtis-orest-vv-m430-dnd\/#primaryimage\"},\"image\":{\"@id\":\"https:\/\/vvboats.lt\/product\/pripuciama-valtis-orest-vv-m430-dnd\/#primaryimage\"},\"thumbnailUrl\":\"https:\/\/vvboats.lt\/wp-content\/uploads\/2025\/11\/generated-image-30.png\",\"datePublished\":\"2025-11-25T21:29:46+00:00\",\"dateModified\":\"2025-11-30T10:04:29+00:00\",\"breadcrumb\":{\"@id\":\"https:\/\/vvboats.lt\/product\/pripuciama-valtis-orest-vv-m430-dnd\/#breadcrumb\"},\"inLanguage\":\"ru-RU\",\"potentialAction\":[{\"@type\":\"ReadAction\",\"target\":[\"https:\/\/vvboats.lt\/product\/pripuciama-valtis-orest-vv-m430-dnd\/\"]}]},{\"@type\":\"ImageObject\",\"inLanguage\":\"ru-RU\",\"@id\":\"https:\/\/vvboats.lt\/product\/pripuciama-valtis-orest-vv-m430-dnd\/#primaryimage\",\"url\":\"https:\/\/vvboats.lt\/wp-content\/uploads\/2025\/11\/generated-image-30.png\",\"contentUrl\":\"https:\/\/vvboats.lt\/wp-content\/uploads\/2025\/11\/generated-image-30.png\",\"width\":1024,\"height\":1024},{\"@type\":\"BreadcrumbList\",\"@id\":\"https:\/\/vvboats.lt\/product\/pripuciama-valtis-orest-vv-m430-dnd\/#breadcrumb\",\"itemListElement\":[{\"@type\":\"ListItem\",\"position\":1,\"name\":\"\u0413\u043b\u0430\u0432\u043d\u0430\u044f \u0441\u0442\u0440\u0430\u043d\u0438\u0446\u0430\",\"item\":\"https:\/\/vvboats.lt\/\"},{\"@type\":\"ListItem\",\"position\":2,\"name\":\"Parduotuv\u0117\",\"item\":\"https:\/\/vvboats.lt\/shop\/\"},{\"@type\":\"ListItem\",\"position\":3,\"name\":\"Pripu\u010diama valtis OREST VV M 430 DND\"}]},{\"@type\":\"WebSite\",\"@id\":\"https:\/\/vvboats.lt\/#website\",\"url\":\"https:\/\/vvboats.lt\/\",\"name\":\"OREST VV\",\"description\":\"PVC val\u010di\u0173 servisas, remontas ir tiuningas Vilniuje\",\"publisher\":{\"@id\":\"https:\/\/vvboats.lt\/#organization\"},\"potentialAction\":[{\"@type\":\"SearchAction\",\"target\":{\"@type\":\"EntryPoint\",\"urlTemplate\":\"https:\/\/vvboats.lt\/?s={search_term_string}\"},\"query-input\":{\"@type\":\"PropertyValueSpecification\",\"valueRequired\":true,\"valueName\":\"search_term_string\"}}],\"inLanguage\":\"ru-RU\"},{\"@type\":\"Organization\",\"@id\":\"https:\/\/vvboats.lt\/#organization\",\"name\":\"OREST VV\",\"url\":\"https:\/\/vvboats.lt\/\",\"logo\":{\"@type\":\"ImageObject\",\"inLanguage\":\"ru-RU\",\"@id\":\"https:\/\/vvboats.lt\/#\/schema\/logo\/image\/\",\"url\":\"https:\/\/vvboats.lt\/wp-content\/uploads\/2025\/11\/cropped-0a8f2f86-bf3a-44b3-b082-e94bd4d79ca4-removebg-preview.png\",\"contentUrl\":\"https:\/\/vvboats.lt\/wp-content\/uploads\/2025\/11\/cropped-0a8f2f86-bf3a-44b3-b082-e94bd4d79ca4-removebg-preview.png\",\"width\":707,\"height\":258,\"caption\":\"OREST VV\"},\"image\":{\"@id\":\"https:\/\/vvboats.lt\/#\/schema\/logo\/image\/\"},\"sameAs\":[\"https:\/\/www.tiktok.com\/@valciu_servisas\"]}]}<\/script>\n<!-- \/ Yoast SEO plugin. -->","yoast_head_json":{"title":"Pripu\u010diama valtis OREST VV M 430 DND - boats","robots":{"index":"index","follow":"follow","max-snippet":"max-snippet:-1","max-image-preview":"max-image-preview:large","max-video-preview":"max-video-preview:-1"},"canonical":"https:\/\/vvboats.lt\/ru\/product\/pripuciama-valtis-orest-vv-m430-dnd\/","og_locale":"ru_RU","og_type":"article","og_title":"Pripu\u010diama valtis OREST VV M 430 DND - boats","og_description":"Modelis: OREST VV M-430 DNDIlgis: 430 cmPlotis: 190 cmBorto auk\u0161tis: 49 cmBalion\u0173 skersmuo: ~50 cmVidinis kokpitas: 80 cmHermetini\u0173 skyri\u0173 skai\u010dius: 4+1Keleivi\u0173 talpa: 6 asmenysMaksimali keliamoji galia: 900 kgRekomenduojama variklio galia: 25 AGValties svoris: ~60 kg Tinkamas kokpitas: \u00d845 \/ 80 cmPVC audinio tankis: 1100 g\/m\u00b2 (Piet\u0173 Kor\u0117ja) Trumpas apra\u0161ymas:Didel\u0117 ir stabili 4,3 m NDND valtis, skirta 6 asmenims. Sustiprintas PVC 1100 g\/m\u00b2, 4+1 hermetinis skyrius ir galimyb\u0117 montuoti iki 25 AG varikl\u012f.","og_url":"https:\/\/vvboats.lt\/ru\/product\/pripuciama-valtis-orest-vv-m430-dnd\/","og_site_name":"boats","article_modified_time":"2025-11-30T10:04:29+00:00","og_image":[{"width":1024,"height":1024,"url":"https:\/\/vvboats.lt\/wp-content\/uploads\/2025\/11\/generated-image-30.png","type":"image\/png"}],"twitter_card":"summary_large_image","twitter_misc":{"\u041f\u0440\u0438\u043c\u0435\u0440\u043d\u043e\u0435 \u0432\u0440\u0435\u043c\u044f \u0434\u043b\u044f \u0447\u0442\u0435\u043d\u0438\u044f":"2 \u043c\u0438\u043d\u0443\u0442\u044b"},"schema":{"@context":"https:\/\/schema.org","@graph":[{"@type":"WebPage","@id":"https:\/\/vvboats.lt\/product\/pripuciama-valtis-orest-vv-m430-dnd\/","url":"https:\/\/vvboats.lt\/product\/pripuciama-valtis-orest-vv-m430-dnd\/","name":"Pripu\u010diama valtis OREST VV M 430 DND - boats","isPartOf":{"@id":"https:\/\/vvboats.lt\/#website"},"primaryImageOfPage":{"@id":"https:\/\/vvboats.lt\/product\/pripuciama-valtis-orest-vv-m430-dnd\/#primaryimage"},"image":{"@id":"https:\/\/vvboats.lt\/product\/pripuciama-valtis-orest-vv-m430-dnd\/#primaryimage"},"thumbnailUrl":"https:\/\/vvboats.lt\/wp-content\/uploads\/2025\/11\/generated-image-30.png","datePublished":"2025-11-25T21:29:46+00:00","dateModified":"2025-11-30T10:04:29+00:00","breadcrumb":{"@id":"https:\/\/vvboats.lt\/product\/pripuciama-valtis-orest-vv-m430-dnd\/#breadcrumb"},"inLanguage":"ru-RU","potentialAction":[{"@type":"ReadAction","target":["https:\/\/vvboats.lt\/product\/pripuciama-valtis-orest-vv-m430-dnd\/"]}]},{"@type":"ImageObject","inLanguage":"ru-RU","@id":"https:\/\/vvboats.lt\/product\/pripuciama-valtis-orest-vv-m430-dnd\/#primaryimage","url":"https:\/\/vvboats.lt\/wp-content\/uploads\/2025\/11\/generated-image-30.png","contentUrl":"https:\/\/vvboats.lt\/wp-content\/uploads\/2025\/11\/generated-image-30.png","width":1024,"height":1024},{"@type":"BreadcrumbList","@id":"https:\/\/vvboats.lt\/product\/pripuciama-valtis-orest-vv-m430-dnd\/#breadcrumb","itemListElement":[{"@type":"ListItem","position":1,"name":"\u0413\u043b\u0430\u0432\u043d\u0430\u044f \u0441\u0442\u0440\u0430\u043d\u0438\u0446\u0430","item":"https:\/\/vvboats.lt\/"},{"@type":"ListItem","position":2,"name":"Parduotuv\u0117","item":"https:\/\/vvboats.lt\/shop\/"},{"@type":"ListItem","position":3,"name":"Pripu\u010diama valtis OREST VV M 430 DND"}]},{"@type":"WebSite","@id":"https:\/\/vvboats.lt\/#website","url":"https:\/\/vvboats.lt\/","name":"OREST VV","description":"PVC val\u010di\u0173 servisas, remontas ir tiuningas Vilniuje","publisher":{"@id":"https:\/\/vvboats.lt\/#organization"},"potentialAction":[{"@type":"SearchAction","target":{"@type":"EntryPoint","urlTemplate":"https:\/\/vvboats.lt\/?s={search_term_string}"},"query-input":{"@type":"PropertyValueSpecification","valueRequired":true,"valueName":"search_term_string"}}],"inLanguage":"ru-RU"},{"@type":"Organization","@id":"https:\/\/vvboats.lt\/#organization","name":"OREST VV","url":"https:\/\/vvboats.lt\/","logo":{"@type":"ImageObject","inLanguage":"ru-RU","@id":"https:\/\/vvboats.lt\/#\/schema\/logo\/image\/","url":"https:\/\/vvboats.lt\/wp-content\/uploads\/2025\/11\/cropped-0a8f2f86-bf3a-44b3-b082-e94bd4d79ca4-removebg-preview.png","contentUrl":"https:\/\/vvboats.lt\/wp-content\/uploads\/2025\/11\/cropped-0a8f2f86-bf3a-44b3-b082-e94bd4d79ca4-removebg-preview.png","width":707,"height":258,"caption":"OREST VV"},"image":{"@id":"https:\/\/vvboats.lt\/#\/schema\/logo\/image\/"},"sameAs":["https:\/\/www.tiktok.com\/@valciu_servisas"]}]}},"_links":{"self":[{"href":"https:\/\/vvboats.lt\/ru\/wp-json\/wp\/v2\/product\/862","targetHints":{"allow":["GET"]}}],"collection":[{"href":"https:\/\/vvboats.lt\/ru\/wp-json\/wp\/v2\/product"}],"about":[{"href":"https:\/\/vvboats.lt\/ru\/wp-json\/wp\/v2\/types\/product"}],"replies":[{"embeddable":true,"href":"https:\/\/vvboats.lt\/ru\/wp-json\/wp\/v2\/comments?post=862"}],"wp:featuredmedia":[{"embeddable":true,"href":"https:\/\/vvboats.lt\/ru\/wp-json\/wp\/v2\/media\/389"}],"wp:attachment":[{"href":"https:\/\/vvboats.lt\/ru\/wp-json\/wp\/v2\/media?parent=862"}],"wp:term":[{"taxonomy":"product_brand","embeddable":true,"href":"https:\/\/vvboats.lt\/ru\/wp-json\/wp\/v2\/product_brand?post=862"},{"taxonomy":"product_cat","embeddable":true,"href":"https:\/\/vvboats.lt\/ru\/wp-json\/wp\/v2\/product_cat?post=862"},{"taxonomy":"product_tag","embeddable":true,"href":"https:\/\/vvboats.lt\/ru\/wp-json\/wp\/v2\/product_tag?post=862"}],"curies":[{"name":"wp","href":"https:\/\/api.w.org\/{rel}","templated":true}]}}