{"id":841,"date":"2025-11-24T06:29:12","date_gmt":"2025-11-24T06:29:12","guid":{"rendered":"https:\/\/vvboats.lt\/?post_type=product&#038;p=841"},"modified":"2025-11-24T06:29:16","modified_gmt":"2025-11-24T06:29:16","slug":"sustiprinti-automatiniai-transo-ratukai-kt3mky-strong","status":"publish","type":"product","link":"https:\/\/vvboats.lt\/ru\/product\/sustiprinti-automatiniai-transo-ratukai-kt3mky-strong\/","title":{"rendered":"Sustiprinti automatiniai transo ratukai KT3MKY Strong"},"content":{"rendered":"","protected":false},"excerpt":{"rendered":"<h3 data-start=\"70\" data-end=\"130\"><strong data-start=\"74\" data-end=\"130\">Sustiprinti automatiniai transo ratukai KT3NKY Strong<\/strong><\/h3>\n<p data-start=\"132\" data-end=\"326\">Modelis <strong data-start=\"140\" data-end=\"156\">KT3HKY <\/strong><strong data-start=\"140\" data-end=\"156\">Strong<\/strong> \u2013 tai <strong data-start=\"163\" data-end=\"206\">sustiprinta ner\u016bdijan\u010dio plieno versija<\/strong>, rekomenduojama <strong data-start=\"223\" data-end=\"268\">valtimis, sverian\u010dioms daugiau nei 120 kg<\/strong>, kurias reikia <strong data-start=\"284\" data-end=\"323\">da\u017enai perkelti dideliais atstumais<\/strong>.<\/p>\n<p data-start=\"328\" data-end=\"529\">Konstrukcija skiriasi nuo <strong data-start=\"354\" data-end=\"363\">KT3HKY<\/strong> modelio <strong data-start=\"372\" data-end=\"422\">tvirtinimo plok\u0161t\u0117mis su vidin\u0117mis pover\u017el\u0117mis<\/strong>, pagamintomis naudojant <strong data-start=\"447\" data-end=\"467\">lazerin\u012f pjovim\u0105<\/strong>, kuris u\u017etikrina <strong data-start=\"485\" data-end=\"526\">auk\u0161t\u0105 tikslum\u0105 ir esteti\u0161k\u0105 i\u0161vaizd\u0105<\/strong>.<\/p>\n<p data-start=\"531\" data-end=\"549\"><strong data-start=\"531\" data-end=\"549\">Komplektacija:<\/strong><\/p>\n<ol data-start=\"550\" data-end=\"701\">\n<li data-start=\"550\" data-end=\"630\">\n<p data-start=\"553\" data-end=\"630\">Transo tvirtinimo plok\u0161t\u0117s su vidin\u0117mis pover\u017el\u0117mis ir atramos su ratukais;<\/p>\n<\/li>\n<li data-start=\"631\" data-end=\"701\">\n<p data-start=\"634\" data-end=\"701\"><strong data-start=\"634\" data-end=\"701\">Ner\u016bdijan\u010dio plieno tvirtinimo komplektas (var\u017etai ir ver\u017el\u0117s).<\/strong><\/p>\n<\/li>\n<\/ol>","protected":false},"featured_media":495,"comment_status":"open","ping_status":"closed","template":"","meta":[],"product_brand":[],"product_cat":[22],"product_tag":[],"class_list":{"0":"post-841","1":"product","2":"type-product","3":"status-publish","4":"has-post-thumbnail","6":"product_cat-valciu-aksesuarai","8":"first","9":"instock","10":"shipping-taxable","11":"product-type-simple"},"yoast_head":"<!-- This site is optimized with the Yoast SEO plugin v26.4 - https:\/\/yoast.com\/wordpress\/plugins\/seo\/ -->\n<title>Sustiprinti automatiniai transo ratukai KT3MKY Strong - boats<\/title>\n<meta name=\"robots\" content=\"index, follow, max-snippet:-1, max-image-preview:large, max-video-preview:-1\" \/>\n<link rel=\"canonical\" href=\"https:\/\/vvboats.lt\/ru\/product\/sustiprinti-automatiniai-transo-ratukai-kt3mky-strong\/\" \/>\n<meta property=\"og:locale\" content=\"ru_RU\" \/>\n<meta property=\"og:type\" content=\"article\" \/>\n<meta property=\"og:title\" content=\"Sustiprinti automatiniai transo ratukai KT3MKY Strong - boats\" \/>\n<meta property=\"og:description\" content=\"Sustiprinti automatiniai transo ratukai KT3NKY Strong Modelis KT3HKY Strong \u2013 tai sustiprinta ner\u016bdijan\u010dio plieno versija, rekomenduojama valtimis, sverian\u010dioms daugiau nei 120 kg, kurias reikia da\u017enai perkelti dideliais atstumais. Konstrukcija skiriasi nuo KT3HKY modelio tvirtinimo plok\u0161t\u0117mis su vidin\u0117mis pover\u017el\u0117mis, pagamintomis naudojant lazerin\u012f pjovim\u0105, kuris u\u017etikrina auk\u0161t\u0105 tikslum\u0105 ir esteti\u0161k\u0105 i\u0161vaizd\u0105. Komplektacija:     Transo tvirtinimo plok\u0161t\u0117s su vidin\u0117mis pover\u017el\u0117mis ir atramos su ratukais;    Ner\u016bdijan\u010dio plieno tvirtinimo komplektas (var\u017etai ir ver\u017el\u0117s).\" \/>\n<meta property=\"og:url\" content=\"https:\/\/vvboats.lt\/ru\/product\/sustiprinti-automatiniai-transo-ratukai-kt3mky-strong\/\" \/>\n<meta property=\"og:site_name\" content=\"boats\" \/>\n<meta property=\"article:modified_time\" content=\"2025-11-24T06:29:16+00:00\" \/>\n<meta property=\"og:image\" content=\"https:\/\/vvboats.lt\/wp-content\/uploads\/2025\/11\/Sustiprinti-automatiniai-transo-ratukai-KT3HKY-Strong-3.jpg\" \/>\n\t<meta property=\"og:image:width\" content=\"344\" \/>\n\t<meta property=\"og:image:height\" content=\"308\" \/>\n\t<meta property=\"og:image:type\" content=\"image\/jpeg\" \/>\n<meta name=\"twitter:card\" content=\"summary_large_image\" \/>\n<script type=\"application\/ld+json\" class=\"yoast-schema-graph\">{\"@context\":\"https:\/\/schema.org\",\"@graph\":[{\"@type\":\"WebPage\",\"@id\":\"https:\/\/vvboats.lt\/product\/sustiprinti-automatiniai-transo-ratukai-kt3mky-strong\/\",\"url\":\"https:\/\/vvboats.lt\/product\/sustiprinti-automatiniai-transo-ratukai-kt3mky-strong\/\",\"name\":\"Sustiprinti automatiniai transo ratukai KT3MKY Strong - boats\",\"isPartOf\":{\"@id\":\"https:\/\/vvboats.lt\/#website\"},\"primaryImageOfPage\":{\"@id\":\"https:\/\/vvboats.lt\/product\/sustiprinti-automatiniai-transo-ratukai-kt3mky-strong\/#primaryimage\"},\"image\":{\"@id\":\"https:\/\/vvboats.lt\/product\/sustiprinti-automatiniai-transo-ratukai-kt3mky-strong\/#primaryimage\"},\"thumbnailUrl\":\"https:\/\/vvboats.lt\/wp-content\/uploads\/2025\/11\/Sustiprinti-automatiniai-transo-ratukai-KT3HKY-Strong-3.jpg\",\"datePublished\":\"2025-11-24T06:29:12+00:00\",\"dateModified\":\"2025-11-24T06:29:16+00:00\",\"breadcrumb\":{\"@id\":\"https:\/\/vvboats.lt\/product\/sustiprinti-automatiniai-transo-ratukai-kt3mky-strong\/#breadcrumb\"},\"inLanguage\":\"ru-RU\",\"potentialAction\":[{\"@type\":\"ReadAction\",\"target\":[\"https:\/\/vvboats.lt\/product\/sustiprinti-automatiniai-transo-ratukai-kt3mky-strong\/\"]}]},{\"@type\":\"ImageObject\",\"inLanguage\":\"ru-RU\",\"@id\":\"https:\/\/vvboats.lt\/product\/sustiprinti-automatiniai-transo-ratukai-kt3mky-strong\/#primaryimage\",\"url\":\"https:\/\/vvboats.lt\/wp-content\/uploads\/2025\/11\/Sustiprinti-automatiniai-transo-ratukai-KT3HKY-Strong-3.jpg\",\"contentUrl\":\"https:\/\/vvboats.lt\/wp-content\/uploads\/2025\/11\/Sustiprinti-automatiniai-transo-ratukai-KT3HKY-Strong-3.jpg\",\"width\":344,\"height\":308},{\"@type\":\"BreadcrumbList\",\"@id\":\"https:\/\/vvboats.lt\/product\/sustiprinti-automatiniai-transo-ratukai-kt3mky-strong\/#breadcrumb\",\"itemListElement\":[{\"@type\":\"ListItem\",\"position\":1,\"name\":\"\u0413\u043b\u0430\u0432\u043d\u0430\u044f \u0441\u0442\u0440\u0430\u043d\u0438\u0446\u0430\",\"item\":\"https:\/\/vvboats.lt\/\"},{\"@type\":\"ListItem\",\"position\":2,\"name\":\"Parduotuv\u0117\",\"item\":\"https:\/\/vvboats.lt\/shop\/\"},{\"@type\":\"ListItem\",\"position\":3,\"name\":\"Sustiprinti automatiniai transo ratukai KT3MKY Strong\"}]},{\"@type\":\"WebSite\",\"@id\":\"https:\/\/vvboats.lt\/#website\",\"url\":\"https:\/\/vvboats.lt\/\",\"name\":\"OREST VV\",\"description\":\"PVC val\u010di\u0173 servisas, remontas ir tiuningas Vilniuje\",\"publisher\":{\"@id\":\"https:\/\/vvboats.lt\/#organization\"},\"potentialAction\":[{\"@type\":\"SearchAction\",\"target\":{\"@type\":\"EntryPoint\",\"urlTemplate\":\"https:\/\/vvboats.lt\/?s={search_term_string}\"},\"query-input\":{\"@type\":\"PropertyValueSpecification\",\"valueRequired\":true,\"valueName\":\"search_term_string\"}}],\"inLanguage\":\"ru-RU\"},{\"@type\":\"Organization\",\"@id\":\"https:\/\/vvboats.lt\/#organization\",\"name\":\"OREST VV\",\"url\":\"https:\/\/vvboats.lt\/\",\"logo\":{\"@type\":\"ImageObject\",\"inLanguage\":\"ru-RU\",\"@id\":\"https:\/\/vvboats.lt\/#\/schema\/logo\/image\/\",\"url\":\"https:\/\/vvboats.lt\/wp-content\/uploads\/2025\/11\/cropped-0a8f2f86-bf3a-44b3-b082-e94bd4d79ca4-removebg-preview.png\",\"contentUrl\":\"https:\/\/vvboats.lt\/wp-content\/uploads\/2025\/11\/cropped-0a8f2f86-bf3a-44b3-b082-e94bd4d79ca4-removebg-preview.png\",\"width\":707,\"height\":258,\"caption\":\"OREST VV\"},\"image\":{\"@id\":\"https:\/\/vvboats.lt\/#\/schema\/logo\/image\/\"},\"sameAs\":[\"https:\/\/www.tiktok.com\/@valciu_servisas\"]}]}<\/script>\n<!-- \/ Yoast SEO plugin. -->","yoast_head_json":{"title":"Sustiprinti automatiniai transo ratukai KT3MKY Strong - boats","robots":{"index":"index","follow":"follow","max-snippet":"max-snippet:-1","max-image-preview":"max-image-preview:large","max-video-preview":"max-video-preview:-1"},"canonical":"https:\/\/vvboats.lt\/ru\/product\/sustiprinti-automatiniai-transo-ratukai-kt3mky-strong\/","og_locale":"ru_RU","og_type":"article","og_title":"Sustiprinti automatiniai transo ratukai KT3MKY Strong - boats","og_description":"Sustiprinti automatiniai transo ratukai KT3NKY Strong Modelis KT3HKY Strong \u2013 tai sustiprinta ner\u016bdijan\u010dio plieno versija, rekomenduojama valtimis, sverian\u010dioms daugiau nei 120 kg, kurias reikia da\u017enai perkelti dideliais atstumais. Konstrukcija skiriasi nuo KT3HKY modelio tvirtinimo plok\u0161t\u0117mis su vidin\u0117mis pover\u017el\u0117mis, pagamintomis naudojant lazerin\u012f pjovim\u0105, kuris u\u017etikrina auk\u0161t\u0105 tikslum\u0105 ir esteti\u0161k\u0105 i\u0161vaizd\u0105. Komplektacija:     Transo tvirtinimo plok\u0161t\u0117s su vidin\u0117mis pover\u017el\u0117mis ir atramos su ratukais;    Ner\u016bdijan\u010dio plieno tvirtinimo komplektas (var\u017etai ir ver\u017el\u0117s).","og_url":"https:\/\/vvboats.lt\/ru\/product\/sustiprinti-automatiniai-transo-ratukai-kt3mky-strong\/","og_site_name":"boats","article_modified_time":"2025-11-24T06:29:16+00:00","og_image":[{"width":344,"height":308,"url":"https:\/\/vvboats.lt\/wp-content\/uploads\/2025\/11\/Sustiprinti-automatiniai-transo-ratukai-KT3HKY-Strong-3.jpg","type":"image\/jpeg"}],"twitter_card":"summary_large_image","schema":{"@context":"https:\/\/schema.org","@graph":[{"@type":"WebPage","@id":"https:\/\/vvboats.lt\/product\/sustiprinti-automatiniai-transo-ratukai-kt3mky-strong\/","url":"https:\/\/vvboats.lt\/product\/sustiprinti-automatiniai-transo-ratukai-kt3mky-strong\/","name":"Sustiprinti automatiniai transo ratukai KT3MKY Strong - boats","isPartOf":{"@id":"https:\/\/vvboats.lt\/#website"},"primaryImageOfPage":{"@id":"https:\/\/vvboats.lt\/product\/sustiprinti-automatiniai-transo-ratukai-kt3mky-strong\/#primaryimage"},"image":{"@id":"https:\/\/vvboats.lt\/product\/sustiprinti-automatiniai-transo-ratukai-kt3mky-strong\/#primaryimage"},"thumbnailUrl":"https:\/\/vvboats.lt\/wp-content\/uploads\/2025\/11\/Sustiprinti-automatiniai-transo-ratukai-KT3HKY-Strong-3.jpg","datePublished":"2025-11-24T06:29:12+00:00","dateModified":"2025-11-24T06:29:16+00:00","breadcrumb":{"@id":"https:\/\/vvboats.lt\/product\/sustiprinti-automatiniai-transo-ratukai-kt3mky-strong\/#breadcrumb"},"inLanguage":"ru-RU","potentialAction":[{"@type":"ReadAction","target":["https:\/\/vvboats.lt\/product\/sustiprinti-automatiniai-transo-ratukai-kt3mky-strong\/"]}]},{"@type":"ImageObject","inLanguage":"ru-RU","@id":"https:\/\/vvboats.lt\/product\/sustiprinti-automatiniai-transo-ratukai-kt3mky-strong\/#primaryimage","url":"https:\/\/vvboats.lt\/wp-content\/uploads\/2025\/11\/Sustiprinti-automatiniai-transo-ratukai-KT3HKY-Strong-3.jpg","contentUrl":"https:\/\/vvboats.lt\/wp-content\/uploads\/2025\/11\/Sustiprinti-automatiniai-transo-ratukai-KT3HKY-Strong-3.jpg","width":344,"height":308},{"@type":"BreadcrumbList","@id":"https:\/\/vvboats.lt\/product\/sustiprinti-automatiniai-transo-ratukai-kt3mky-strong\/#breadcrumb","itemListElement":[{"@type":"ListItem","position":1,"name":"\u0413\u043b\u0430\u0432\u043d\u0430\u044f \u0441\u0442\u0440\u0430\u043d\u0438\u0446\u0430","item":"https:\/\/vvboats.lt\/"},{"@type":"ListItem","position":2,"name":"Parduotuv\u0117","item":"https:\/\/vvboats.lt\/shop\/"},{"@type":"ListItem","position":3,"name":"Sustiprinti automatiniai transo ratukai KT3MKY Strong"}]},{"@type":"WebSite","@id":"https:\/\/vvboats.lt\/#website","url":"https:\/\/vvboats.lt\/","name":"OREST VV","description":"PVC val\u010di\u0173 servisas, remontas ir tiuningas Vilniuje","publisher":{"@id":"https:\/\/vvboats.lt\/#organization"},"potentialAction":[{"@type":"SearchAction","target":{"@type":"EntryPoint","urlTemplate":"https:\/\/vvboats.lt\/?s={search_term_string}"},"query-input":{"@type":"PropertyValueSpecification","valueRequired":true,"valueName":"search_term_string"}}],"inLanguage":"ru-RU"},{"@type":"Organization","@id":"https:\/\/vvboats.lt\/#organization","name":"OREST VV","url":"https:\/\/vvboats.lt\/","logo":{"@type":"ImageObject","inLanguage":"ru-RU","@id":"https:\/\/vvboats.lt\/#\/schema\/logo\/image\/","url":"https:\/\/vvboats.lt\/wp-content\/uploads\/2025\/11\/cropped-0a8f2f86-bf3a-44b3-b082-e94bd4d79ca4-removebg-preview.png","contentUrl":"https:\/\/vvboats.lt\/wp-content\/uploads\/2025\/11\/cropped-0a8f2f86-bf3a-44b3-b082-e94bd4d79ca4-removebg-preview.png","width":707,"height":258,"caption":"OREST VV"},"image":{"@id":"https:\/\/vvboats.lt\/#\/schema\/logo\/image\/"},"sameAs":["https:\/\/www.tiktok.com\/@valciu_servisas"]}]}},"_links":{"self":[{"href":"https:\/\/vvboats.lt\/ru\/wp-json\/wp\/v2\/product\/841","targetHints":{"allow":["GET"]}}],"collection":[{"href":"https:\/\/vvboats.lt\/ru\/wp-json\/wp\/v2\/product"}],"about":[{"href":"https:\/\/vvboats.lt\/ru\/wp-json\/wp\/v2\/types\/product"}],"replies":[{"embeddable":true,"href":"https:\/\/vvboats.lt\/ru\/wp-json\/wp\/v2\/comments?post=841"}],"wp:featuredmedia":[{"embeddable":true,"href":"https:\/\/vvboats.lt\/ru\/wp-json\/wp\/v2\/media\/495"}],"wp:attachment":[{"href":"https:\/\/vvboats.lt\/ru\/wp-json\/wp\/v2\/media?parent=841"}],"wp:term":[{"taxonomy":"product_brand","embeddable":true,"href":"https:\/\/vvboats.lt\/ru\/wp-json\/wp\/v2\/product_brand?post=841"},{"taxonomy":"product_cat","embeddable":true,"href":"https:\/\/vvboats.lt\/ru\/wp-json\/wp\/v2\/product_cat?post=841"},{"taxonomy":"product_tag","embeddable":true,"href":"https:\/\/vvboats.lt\/ru\/wp-json\/wp\/v2\/product_tag?post=841"}],"curies":[{"name":"wp","href":"https:\/\/api.w.org\/{rel}","templated":true}]}}