{"id":840,"date":"2025-11-24T06:29:12","date_gmt":"2025-11-24T06:29:12","guid":{"rendered":"https:\/\/vvboats.lt\/?post_type=product&#038;p=840"},"modified":"2025-11-24T06:29:16","modified_gmt":"2025-11-24T06:29:16","slug":"sustiprinti-automatiniai-transo-ratukai-kt3n-strong-2","status":"publish","type":"product","link":"https:\/\/vvboats.lt\/ru\/product\/sustiprinti-automatiniai-transo-ratukai-kt3n-strong-2\/","title":{"rendered":"Sustiprinti automatiniai transo ratukai KT3N Strong"},"content":{"rendered":"","protected":false},"excerpt":{"rendered":"<h3 data-start=\"68\" data-end=\"127\"><strong data-start=\"72\" data-end=\"127\">Sustiprinti automatiniai transo ratukai KT3N Strong<\/strong><\/h3>\n<p data-start=\"129\" data-end=\"323\">Modelis <strong data-start=\"137\" data-end=\"152\">KT3N Strong<\/strong> \u2013 tai <strong data-start=\"159\" data-end=\"202\">sustiprinti automatiniai transo ratukai<\/strong>, rekomenduojami <strong data-start=\"219\" data-end=\"260\">valtimis, kuri\u0173 svoris vir\u0161ija 120 kg<\/strong>, ir kurios da\u017enai <strong data-start=\"279\" data-end=\"320\">transportuojamos didesniais atstumais<\/strong>.<\/p>\n<p data-start=\"325\" data-end=\"523\">Konstrukcija skiriasi nuo <strong data-start=\"351\" data-end=\"359\">KT3N<\/strong> modelio <strong data-start=\"368\" data-end=\"418\">tvirtinimo plok\u0161t\u0117mis su vidin\u0117mis pover\u017el\u0117mis<\/strong>, pagamintomis naudojant <strong data-start=\"443\" data-end=\"463\">lazerin\u012f pjovim\u0105<\/strong>, kuris u\u017etikrina <strong data-start=\"481\" data-end=\"520\">auk\u0161t\u0105 tikslum\u0105 ir estetin\u012f dizain\u0105<\/strong>.<\/p>\n<p data-start=\"525\" data-end=\"543\"><strong data-start=\"525\" data-end=\"543\">Komplektacija:<\/strong><\/p>\n<ol data-start=\"544\" data-end=\"684\">\n<li data-start=\"544\" data-end=\"613\">\n<p data-start=\"547\" data-end=\"613\">Transo plok\u0161t\u0117s su vidin\u0117mis pover\u017el\u0117mis ir atramos su ratukais;<\/p>\n<\/li>\n<li data-start=\"614\" data-end=\"684\">\n<p data-start=\"617\" data-end=\"684\"><strong data-start=\"617\" data-end=\"684\">Ner\u016bdijan\u010dio plieno tvirtinimo komplektas (var\u017etai ir ver\u017el\u0117s).<\/strong><\/p>\n<\/li>\n<\/ol>","protected":false},"featured_media":493,"comment_status":"open","ping_status":"closed","template":"","meta":[],"product_brand":[],"product_cat":[22],"product_tag":[],"class_list":{"0":"post-840","1":"product","2":"type-product","3":"status-publish","4":"has-post-thumbnail","6":"product_cat-valciu-aksesuarai","8":"first","9":"instock","10":"shipping-taxable","11":"product-type-simple"},"yoast_head":"<!-- This site is optimized with the Yoast SEO plugin v26.4 - https:\/\/yoast.com\/wordpress\/plugins\/seo\/ -->\n<title>Sustiprinti automatiniai transo ratukai KT3N Strong - boats<\/title>\n<meta name=\"robots\" content=\"index, follow, max-snippet:-1, max-image-preview:large, max-video-preview:-1\" \/>\n<link rel=\"canonical\" href=\"https:\/\/vvboats.lt\/ru\/product\/sustiprinti-automatiniai-transo-ratukai-kt3n-strong-2\/\" \/>\n<meta property=\"og:locale\" content=\"ru_RU\" \/>\n<meta property=\"og:type\" content=\"article\" \/>\n<meta property=\"og:title\" content=\"Sustiprinti automatiniai transo ratukai KT3N Strong - boats\" \/>\n<meta property=\"og:description\" content=\"Sustiprinti automatiniai transo ratukai KT3N Strong Modelis KT3N Strong \u2013 tai sustiprinti automatiniai transo ratukai, rekomenduojami valtimis, kuri\u0173 svoris vir\u0161ija 120 kg, ir kurios da\u017enai transportuojamos didesniais atstumais. Konstrukcija skiriasi nuo KT3N modelio tvirtinimo plok\u0161t\u0117mis su vidin\u0117mis pover\u017el\u0117mis, pagamintomis naudojant lazerin\u012f pjovim\u0105, kuris u\u017etikrina auk\u0161t\u0105 tikslum\u0105 ir estetin\u012f dizain\u0105. Komplektacija:     Transo plok\u0161t\u0117s su vidin\u0117mis pover\u017el\u0117mis ir atramos su ratukais;    Ner\u016bdijan\u010dio plieno tvirtinimo komplektas (var\u017etai ir ver\u017el\u0117s).\" \/>\n<meta property=\"og:url\" content=\"https:\/\/vvboats.lt\/ru\/product\/sustiprinti-automatiniai-transo-ratukai-kt3n-strong-2\/\" \/>\n<meta property=\"og:site_name\" content=\"boats\" \/>\n<meta property=\"article:modified_time\" content=\"2025-11-24T06:29:16+00:00\" \/>\n<meta property=\"og:image\" content=\"https:\/\/vvboats.lt\/wp-content\/uploads\/2025\/11\/Sustiprinti-automatiniai-transo-ratukai-KT3N-Strong.jpg\" \/>\n\t<meta property=\"og:image:width\" content=\"354\" \/>\n\t<meta property=\"og:image:height\" content=\"319\" \/>\n\t<meta property=\"og:image:type\" content=\"image\/jpeg\" \/>\n<meta name=\"twitter:card\" content=\"summary_large_image\" \/>\n<script type=\"application\/ld+json\" class=\"yoast-schema-graph\">{\"@context\":\"https:\/\/schema.org\",\"@graph\":[{\"@type\":\"WebPage\",\"@id\":\"https:\/\/vvboats.lt\/product\/sustiprinti-automatiniai-transo-ratukai-kt3n-strong-2\/\",\"url\":\"https:\/\/vvboats.lt\/product\/sustiprinti-automatiniai-transo-ratukai-kt3n-strong-2\/\",\"name\":\"Sustiprinti automatiniai transo ratukai KT3N Strong - boats\",\"isPartOf\":{\"@id\":\"https:\/\/vvboats.lt\/#website\"},\"primaryImageOfPage\":{\"@id\":\"https:\/\/vvboats.lt\/product\/sustiprinti-automatiniai-transo-ratukai-kt3n-strong-2\/#primaryimage\"},\"image\":{\"@id\":\"https:\/\/vvboats.lt\/product\/sustiprinti-automatiniai-transo-ratukai-kt3n-strong-2\/#primaryimage\"},\"thumbnailUrl\":\"https:\/\/vvboats.lt\/wp-content\/uploads\/2025\/11\/Sustiprinti-automatiniai-transo-ratukai-KT3N-Strong.jpg\",\"datePublished\":\"2025-11-24T06:29:12+00:00\",\"dateModified\":\"2025-11-24T06:29:16+00:00\",\"breadcrumb\":{\"@id\":\"https:\/\/vvboats.lt\/product\/sustiprinti-automatiniai-transo-ratukai-kt3n-strong-2\/#breadcrumb\"},\"inLanguage\":\"ru-RU\",\"potentialAction\":[{\"@type\":\"ReadAction\",\"target\":[\"https:\/\/vvboats.lt\/product\/sustiprinti-automatiniai-transo-ratukai-kt3n-strong-2\/\"]}]},{\"@type\":\"ImageObject\",\"inLanguage\":\"ru-RU\",\"@id\":\"https:\/\/vvboats.lt\/product\/sustiprinti-automatiniai-transo-ratukai-kt3n-strong-2\/#primaryimage\",\"url\":\"https:\/\/vvboats.lt\/wp-content\/uploads\/2025\/11\/Sustiprinti-automatiniai-transo-ratukai-KT3N-Strong.jpg\",\"contentUrl\":\"https:\/\/vvboats.lt\/wp-content\/uploads\/2025\/11\/Sustiprinti-automatiniai-transo-ratukai-KT3N-Strong.jpg\",\"width\":354,\"height\":319},{\"@type\":\"BreadcrumbList\",\"@id\":\"https:\/\/vvboats.lt\/product\/sustiprinti-automatiniai-transo-ratukai-kt3n-strong-2\/#breadcrumb\",\"itemListElement\":[{\"@type\":\"ListItem\",\"position\":1,\"name\":\"\u0413\u043b\u0430\u0432\u043d\u0430\u044f \u0441\u0442\u0440\u0430\u043d\u0438\u0446\u0430\",\"item\":\"https:\/\/vvboats.lt\/\"},{\"@type\":\"ListItem\",\"position\":2,\"name\":\"Parduotuv\u0117\",\"item\":\"https:\/\/vvboats.lt\/shop\/\"},{\"@type\":\"ListItem\",\"position\":3,\"name\":\"Sustiprinti automatiniai transo ratukai KT3N Strong\"}]},{\"@type\":\"WebSite\",\"@id\":\"https:\/\/vvboats.lt\/#website\",\"url\":\"https:\/\/vvboats.lt\/\",\"name\":\"OREST VV\",\"description\":\"PVC val\u010di\u0173 servisas, remontas ir tiuningas Vilniuje\",\"publisher\":{\"@id\":\"https:\/\/vvboats.lt\/#organization\"},\"potentialAction\":[{\"@type\":\"SearchAction\",\"target\":{\"@type\":\"EntryPoint\",\"urlTemplate\":\"https:\/\/vvboats.lt\/?s={search_term_string}\"},\"query-input\":{\"@type\":\"PropertyValueSpecification\",\"valueRequired\":true,\"valueName\":\"search_term_string\"}}],\"inLanguage\":\"ru-RU\"},{\"@type\":\"Organization\",\"@id\":\"https:\/\/vvboats.lt\/#organization\",\"name\":\"OREST VV\",\"url\":\"https:\/\/vvboats.lt\/\",\"logo\":{\"@type\":\"ImageObject\",\"inLanguage\":\"ru-RU\",\"@id\":\"https:\/\/vvboats.lt\/#\/schema\/logo\/image\/\",\"url\":\"https:\/\/vvboats.lt\/wp-content\/uploads\/2025\/11\/cropped-0a8f2f86-bf3a-44b3-b082-e94bd4d79ca4-removebg-preview.png\",\"contentUrl\":\"https:\/\/vvboats.lt\/wp-content\/uploads\/2025\/11\/cropped-0a8f2f86-bf3a-44b3-b082-e94bd4d79ca4-removebg-preview.png\",\"width\":707,\"height\":258,\"caption\":\"OREST VV\"},\"image\":{\"@id\":\"https:\/\/vvboats.lt\/#\/schema\/logo\/image\/\"},\"sameAs\":[\"https:\/\/www.tiktok.com\/@valciu_servisas\"]}]}<\/script>\n<!-- \/ Yoast SEO plugin. -->","yoast_head_json":{"title":"Sustiprinti automatiniai transo ratukai KT3N Strong - boats","robots":{"index":"index","follow":"follow","max-snippet":"max-snippet:-1","max-image-preview":"max-image-preview:large","max-video-preview":"max-video-preview:-1"},"canonical":"https:\/\/vvboats.lt\/ru\/product\/sustiprinti-automatiniai-transo-ratukai-kt3n-strong-2\/","og_locale":"ru_RU","og_type":"article","og_title":"Sustiprinti automatiniai transo ratukai KT3N Strong - boats","og_description":"Sustiprinti automatiniai transo ratukai KT3N Strong Modelis KT3N Strong \u2013 tai sustiprinti automatiniai transo ratukai, rekomenduojami valtimis, kuri\u0173 svoris vir\u0161ija 120 kg, ir kurios da\u017enai transportuojamos didesniais atstumais. Konstrukcija skiriasi nuo KT3N modelio tvirtinimo plok\u0161t\u0117mis su vidin\u0117mis pover\u017el\u0117mis, pagamintomis naudojant lazerin\u012f pjovim\u0105, kuris u\u017etikrina auk\u0161t\u0105 tikslum\u0105 ir estetin\u012f dizain\u0105. Komplektacija:     Transo plok\u0161t\u0117s su vidin\u0117mis pover\u017el\u0117mis ir atramos su ratukais;    Ner\u016bdijan\u010dio plieno tvirtinimo komplektas (var\u017etai ir ver\u017el\u0117s).","og_url":"https:\/\/vvboats.lt\/ru\/product\/sustiprinti-automatiniai-transo-ratukai-kt3n-strong-2\/","og_site_name":"boats","article_modified_time":"2025-11-24T06:29:16+00:00","og_image":[{"width":354,"height":319,"url":"https:\/\/vvboats.lt\/wp-content\/uploads\/2025\/11\/Sustiprinti-automatiniai-transo-ratukai-KT3N-Strong.jpg","type":"image\/jpeg"}],"twitter_card":"summary_large_image","schema":{"@context":"https:\/\/schema.org","@graph":[{"@type":"WebPage","@id":"https:\/\/vvboats.lt\/product\/sustiprinti-automatiniai-transo-ratukai-kt3n-strong-2\/","url":"https:\/\/vvboats.lt\/product\/sustiprinti-automatiniai-transo-ratukai-kt3n-strong-2\/","name":"Sustiprinti automatiniai transo ratukai KT3N Strong - boats","isPartOf":{"@id":"https:\/\/vvboats.lt\/#website"},"primaryImageOfPage":{"@id":"https:\/\/vvboats.lt\/product\/sustiprinti-automatiniai-transo-ratukai-kt3n-strong-2\/#primaryimage"},"image":{"@id":"https:\/\/vvboats.lt\/product\/sustiprinti-automatiniai-transo-ratukai-kt3n-strong-2\/#primaryimage"},"thumbnailUrl":"https:\/\/vvboats.lt\/wp-content\/uploads\/2025\/11\/Sustiprinti-automatiniai-transo-ratukai-KT3N-Strong.jpg","datePublished":"2025-11-24T06:29:12+00:00","dateModified":"2025-11-24T06:29:16+00:00","breadcrumb":{"@id":"https:\/\/vvboats.lt\/product\/sustiprinti-automatiniai-transo-ratukai-kt3n-strong-2\/#breadcrumb"},"inLanguage":"ru-RU","potentialAction":[{"@type":"ReadAction","target":["https:\/\/vvboats.lt\/product\/sustiprinti-automatiniai-transo-ratukai-kt3n-strong-2\/"]}]},{"@type":"ImageObject","inLanguage":"ru-RU","@id":"https:\/\/vvboats.lt\/product\/sustiprinti-automatiniai-transo-ratukai-kt3n-strong-2\/#primaryimage","url":"https:\/\/vvboats.lt\/wp-content\/uploads\/2025\/11\/Sustiprinti-automatiniai-transo-ratukai-KT3N-Strong.jpg","contentUrl":"https:\/\/vvboats.lt\/wp-content\/uploads\/2025\/11\/Sustiprinti-automatiniai-transo-ratukai-KT3N-Strong.jpg","width":354,"height":319},{"@type":"BreadcrumbList","@id":"https:\/\/vvboats.lt\/product\/sustiprinti-automatiniai-transo-ratukai-kt3n-strong-2\/#breadcrumb","itemListElement":[{"@type":"ListItem","position":1,"name":"\u0413\u043b\u0430\u0432\u043d\u0430\u044f \u0441\u0442\u0440\u0430\u043d\u0438\u0446\u0430","item":"https:\/\/vvboats.lt\/"},{"@type":"ListItem","position":2,"name":"Parduotuv\u0117","item":"https:\/\/vvboats.lt\/shop\/"},{"@type":"ListItem","position":3,"name":"Sustiprinti automatiniai transo ratukai KT3N Strong"}]},{"@type":"WebSite","@id":"https:\/\/vvboats.lt\/#website","url":"https:\/\/vvboats.lt\/","name":"OREST VV","description":"PVC val\u010di\u0173 servisas, remontas ir tiuningas Vilniuje","publisher":{"@id":"https:\/\/vvboats.lt\/#organization"},"potentialAction":[{"@type":"SearchAction","target":{"@type":"EntryPoint","urlTemplate":"https:\/\/vvboats.lt\/?s={search_term_string}"},"query-input":{"@type":"PropertyValueSpecification","valueRequired":true,"valueName":"search_term_string"}}],"inLanguage":"ru-RU"},{"@type":"Organization","@id":"https:\/\/vvboats.lt\/#organization","name":"OREST VV","url":"https:\/\/vvboats.lt\/","logo":{"@type":"ImageObject","inLanguage":"ru-RU","@id":"https:\/\/vvboats.lt\/#\/schema\/logo\/image\/","url":"https:\/\/vvboats.lt\/wp-content\/uploads\/2025\/11\/cropped-0a8f2f86-bf3a-44b3-b082-e94bd4d79ca4-removebg-preview.png","contentUrl":"https:\/\/vvboats.lt\/wp-content\/uploads\/2025\/11\/cropped-0a8f2f86-bf3a-44b3-b082-e94bd4d79ca4-removebg-preview.png","width":707,"height":258,"caption":"OREST VV"},"image":{"@id":"https:\/\/vvboats.lt\/#\/schema\/logo\/image\/"},"sameAs":["https:\/\/www.tiktok.com\/@valciu_servisas"]}]}},"_links":{"self":[{"href":"https:\/\/vvboats.lt\/ru\/wp-json\/wp\/v2\/product\/840","targetHints":{"allow":["GET"]}}],"collection":[{"href":"https:\/\/vvboats.lt\/ru\/wp-json\/wp\/v2\/product"}],"about":[{"href":"https:\/\/vvboats.lt\/ru\/wp-json\/wp\/v2\/types\/product"}],"replies":[{"embeddable":true,"href":"https:\/\/vvboats.lt\/ru\/wp-json\/wp\/v2\/comments?post=840"}],"wp:featuredmedia":[{"embeddable":true,"href":"https:\/\/vvboats.lt\/ru\/wp-json\/wp\/v2\/media\/493"}],"wp:attachment":[{"href":"https:\/\/vvboats.lt\/ru\/wp-json\/wp\/v2\/media?parent=840"}],"wp:term":[{"taxonomy":"product_brand","embeddable":true,"href":"https:\/\/vvboats.lt\/ru\/wp-json\/wp\/v2\/product_brand?post=840"},{"taxonomy":"product_cat","embeddable":true,"href":"https:\/\/vvboats.lt\/ru\/wp-json\/wp\/v2\/product_cat?post=840"},{"taxonomy":"product_tag","embeddable":true,"href":"https:\/\/vvboats.lt\/ru\/wp-json\/wp\/v2\/product_tag?post=840"}],"curies":[{"name":"wp","href":"https:\/\/api.w.org\/{rel}","templated":true}]}}