{"id":832,"date":"2025-11-24T06:29:12","date_gmt":"2025-11-24T06:29:12","guid":{"rendered":"https:\/\/vvboats.lt\/?post_type=product&#038;p=832"},"modified":"2025-11-24T06:29:15","modified_gmt":"2025-11-24T06:29:15","slug":"sedynes-stovas-pvc-valciai-su-amortizatoriumi-2","status":"publish","type":"product","link":"https:\/\/vvboats.lt\/ru\/product\/sedynes-stovas-pvc-valciai-su-amortizatoriumi-2\/","title":{"rendered":"S\u0117dyn\u0117s stovas PVC val\u010diai su amortizatoriumi"},"content":{"rendered":"","protected":false},"excerpt":{"rendered":"<h3 data-start=\"80\" data-end=\"130\"><strong data-start=\"84\" data-end=\"130\">Sulankstomas s\u0117dyn\u0117s laikiklis PVC val\u010diai<\/strong><\/h3>\n<p data-start=\"132\" data-end=\"561\">S\u0117dyn\u0117s atramos konstrukcija pagaminta i\u0161 <strong data-start=\"174\" data-end=\"205\">kvadratinio metalo profilio<\/strong>, padengto <strong data-start=\"216\" data-end=\"246\">apsaugine polimerine danga<\/strong>, kuri saugo nuo korozijos ir suteikia ilgaam\u017ei\u0161kum\u0105.<br data-start=\"299\" data-end=\"302\" \/><strong data-start=\"302\" data-end=\"332\">Sulankstoma s\u0117dyn\u0117s atrama<\/strong> tvirtai fiksuojasi ant valties borto.<br data-start=\"370\" data-end=\"373\" \/>D\u0117l galimyb\u0117s <strong data-start=\"387\" data-end=\"423\">reguliuoti plot\u012f, gyl\u012f ir auk\u0161t\u012f<\/strong>, \u0161\u012f <strong data-start=\"428\" data-end=\"481\">Technoparus s\u0117dyn\u0117s laikikl\u012f su besisukan\u010dia k\u0117de<\/strong> galima lengvai pritaikyti pagal individualius poreikius ir s\u0117d\u0117jimo patogum\u0105.<\/p>","protected":false},"featured_media":452,"comment_status":"open","ping_status":"closed","template":"","meta":[],"product_brand":[],"product_cat":[22],"product_tag":[],"class_list":{"0":"post-832","1":"product","2":"type-product","3":"status-publish","4":"has-post-thumbnail","6":"product_cat-valciu-aksesuarai","8":"first","9":"instock","10":"shipping-taxable","11":"product-type-simple"},"yoast_head":"<!-- This site is optimized with the Yoast SEO plugin v26.4 - https:\/\/yoast.com\/wordpress\/plugins\/seo\/ -->\n<title>S\u0117dyn\u0117s stovas PVC val\u010diai su amortizatoriumi - boats<\/title>\n<meta name=\"robots\" content=\"index, follow, max-snippet:-1, max-image-preview:large, max-video-preview:-1\" \/>\n<link rel=\"canonical\" href=\"https:\/\/vvboats.lt\/ru\/product\/sedynes-stovas-pvc-valciai-su-amortizatoriumi-2\/\" \/>\n<meta property=\"og:locale\" content=\"ru_RU\" \/>\n<meta property=\"og:type\" content=\"article\" \/>\n<meta property=\"og:title\" content=\"S\u0117dyn\u0117s stovas PVC val\u010diai su amortizatoriumi - boats\" \/>\n<meta property=\"og:description\" content=\"Sulankstomas s\u0117dyn\u0117s laikiklis PVC val\u010diai S\u0117dyn\u0117s atramos konstrukcija pagaminta i\u0161 kvadratinio metalo profilio, padengto apsaugine polimerine danga, kuri saugo nuo korozijos ir suteikia ilgaam\u017ei\u0161kum\u0105.Sulankstoma s\u0117dyn\u0117s atrama tvirtai fiksuojasi ant valties borto.D\u0117l galimyb\u0117s reguliuoti plot\u012f, gyl\u012f ir auk\u0161t\u012f, \u0161\u012f Technoparus s\u0117dyn\u0117s laikikl\u012f su besisukan\u010dia k\u0117de galima lengvai pritaikyti pagal individualius poreikius ir s\u0117d\u0117jimo patogum\u0105.\" \/>\n<meta property=\"og:url\" content=\"https:\/\/vvboats.lt\/ru\/product\/sedynes-stovas-pvc-valciai-su-amortizatoriumi-2\/\" \/>\n<meta property=\"og:site_name\" content=\"boats\" \/>\n<meta property=\"article:modified_time\" content=\"2025-11-24T06:29:15+00:00\" \/>\n<meta property=\"og:image\" content=\"https:\/\/vvboats.lt\/wp-content\/uploads\/2025\/11\/\u0441\u0442\u043e\u0439\u043a\u0430-\u0434\u043b\u044f-\u043a\u0440\u0435\u0441\u043b\u0430-\u0432-\u043d\u0430\u0434\u0443\u0432\u043d\u0443\u044e-\u043b\u043e\u0434\u043a\u0443-\u043f\u0432\u0445-\u0437\u0430\u043d\u0438\u0436\u0435\u043d\u043d\u0430\u044f-\u0441-\u0444\u0438\u043a\u0441\u0438\u0440\u0443\u044e\u0449\u0438\u043c-\u0430\u043c\u043e\u0440\u0442\u0438\u0437\u0430\u0442\u043e\u0440\u043e\u043c-\u0422\u0435\u0445\u043d\u043e\u043f\u0430\u0440\u0443\u0441-2.jpg\" \/>\n\t<meta property=\"og:image:width\" content=\"1600\" \/>\n\t<meta property=\"og:image:height\" content=\"1200\" \/>\n\t<meta property=\"og:image:type\" content=\"image\/jpeg\" \/>\n<meta name=\"twitter:card\" content=\"summary_large_image\" \/>\n<script type=\"application\/ld+json\" class=\"yoast-schema-graph\">{\"@context\":\"https:\/\/schema.org\",\"@graph\":[{\"@type\":\"WebPage\",\"@id\":\"https:\/\/vvboats.lt\/product\/sedynes-stovas-pvc-valciai-su-amortizatoriumi-2\/\",\"url\":\"https:\/\/vvboats.lt\/product\/sedynes-stovas-pvc-valciai-su-amortizatoriumi-2\/\",\"name\":\"S\u0117dyn\u0117s stovas PVC val\u010diai su amortizatoriumi - boats\",\"isPartOf\":{\"@id\":\"https:\/\/vvboats.lt\/#website\"},\"primaryImageOfPage\":{\"@id\":\"https:\/\/vvboats.lt\/product\/sedynes-stovas-pvc-valciai-su-amortizatoriumi-2\/#primaryimage\"},\"image\":{\"@id\":\"https:\/\/vvboats.lt\/product\/sedynes-stovas-pvc-valciai-su-amortizatoriumi-2\/#primaryimage\"},\"thumbnailUrl\":\"https:\/\/vvboats.lt\/wp-content\/uploads\/2025\/11\/\u0441\u0442\u043e\u0439\u043a\u0430-\u0434\u043b\u044f-\u043a\u0440\u0435\u0441\u043b\u0430-\u0432-\u043d\u0430\u0434\u0443\u0432\u043d\u0443\u044e-\u043b\u043e\u0434\u043a\u0443-\u043f\u0432\u0445-\u0437\u0430\u043d\u0438\u0436\u0435\u043d\u043d\u0430\u044f-\u0441-\u0444\u0438\u043a\u0441\u0438\u0440\u0443\u044e\u0449\u0438\u043c-\u0430\u043c\u043e\u0440\u0442\u0438\u0437\u0430\u0442\u043e\u0440\u043e\u043c-\u0422\u0435\u0445\u043d\u043e\u043f\u0430\u0440\u0443\u0441-2.jpg\",\"datePublished\":\"2025-11-24T06:29:12+00:00\",\"dateModified\":\"2025-11-24T06:29:15+00:00\",\"breadcrumb\":{\"@id\":\"https:\/\/vvboats.lt\/product\/sedynes-stovas-pvc-valciai-su-amortizatoriumi-2\/#breadcrumb\"},\"inLanguage\":\"ru-RU\",\"potentialAction\":[{\"@type\":\"ReadAction\",\"target\":[\"https:\/\/vvboats.lt\/product\/sedynes-stovas-pvc-valciai-su-amortizatoriumi-2\/\"]}]},{\"@type\":\"ImageObject\",\"inLanguage\":\"ru-RU\",\"@id\":\"https:\/\/vvboats.lt\/product\/sedynes-stovas-pvc-valciai-su-amortizatoriumi-2\/#primaryimage\",\"url\":\"https:\/\/vvboats.lt\/wp-content\/uploads\/2025\/11\/\u0441\u0442\u043e\u0439\u043a\u0430-\u0434\u043b\u044f-\u043a\u0440\u0435\u0441\u043b\u0430-\u0432-\u043d\u0430\u0434\u0443\u0432\u043d\u0443\u044e-\u043b\u043e\u0434\u043a\u0443-\u043f\u0432\u0445-\u0437\u0430\u043d\u0438\u0436\u0435\u043d\u043d\u0430\u044f-\u0441-\u0444\u0438\u043a\u0441\u0438\u0440\u0443\u044e\u0449\u0438\u043c-\u0430\u043c\u043e\u0440\u0442\u0438\u0437\u0430\u0442\u043e\u0440\u043e\u043c-\u0422\u0435\u0445\u043d\u043e\u043f\u0430\u0440\u0443\u0441-2.jpg\",\"contentUrl\":\"https:\/\/vvboats.lt\/wp-content\/uploads\/2025\/11\/\u0441\u0442\u043e\u0439\u043a\u0430-\u0434\u043b\u044f-\u043a\u0440\u0435\u0441\u043b\u0430-\u0432-\u043d\u0430\u0434\u0443\u0432\u043d\u0443\u044e-\u043b\u043e\u0434\u043a\u0443-\u043f\u0432\u0445-\u0437\u0430\u043d\u0438\u0436\u0435\u043d\u043d\u0430\u044f-\u0441-\u0444\u0438\u043a\u0441\u0438\u0440\u0443\u044e\u0449\u0438\u043c-\u0430\u043c\u043e\u0440\u0442\u0438\u0437\u0430\u0442\u043e\u0440\u043e\u043c-\u0422\u0435\u0445\u043d\u043e\u043f\u0430\u0440\u0443\u0441-2.jpg\",\"width\":1600,\"height\":1200},{\"@type\":\"BreadcrumbList\",\"@id\":\"https:\/\/vvboats.lt\/product\/sedynes-stovas-pvc-valciai-su-amortizatoriumi-2\/#breadcrumb\",\"itemListElement\":[{\"@type\":\"ListItem\",\"position\":1,\"name\":\"\u0413\u043b\u0430\u0432\u043d\u0430\u044f \u0441\u0442\u0440\u0430\u043d\u0438\u0446\u0430\",\"item\":\"https:\/\/vvboats.lt\/\"},{\"@type\":\"ListItem\",\"position\":2,\"name\":\"Parduotuv\u0117\",\"item\":\"https:\/\/vvboats.lt\/shop\/\"},{\"@type\":\"ListItem\",\"position\":3,\"name\":\"S\u0117dyn\u0117s stovas PVC val\u010diai su amortizatoriumi\"}]},{\"@type\":\"WebSite\",\"@id\":\"https:\/\/vvboats.lt\/#website\",\"url\":\"https:\/\/vvboats.lt\/\",\"name\":\"OREST VV\",\"description\":\"PVC val\u010di\u0173 servisas, remontas ir tiuningas Vilniuje\",\"publisher\":{\"@id\":\"https:\/\/vvboats.lt\/#organization\"},\"potentialAction\":[{\"@type\":\"SearchAction\",\"target\":{\"@type\":\"EntryPoint\",\"urlTemplate\":\"https:\/\/vvboats.lt\/?s={search_term_string}\"},\"query-input\":{\"@type\":\"PropertyValueSpecification\",\"valueRequired\":true,\"valueName\":\"search_term_string\"}}],\"inLanguage\":\"ru-RU\"},{\"@type\":\"Organization\",\"@id\":\"https:\/\/vvboats.lt\/#organization\",\"name\":\"OREST VV\",\"url\":\"https:\/\/vvboats.lt\/\",\"logo\":{\"@type\":\"ImageObject\",\"inLanguage\":\"ru-RU\",\"@id\":\"https:\/\/vvboats.lt\/#\/schema\/logo\/image\/\",\"url\":\"https:\/\/vvboats.lt\/wp-content\/uploads\/2025\/11\/cropped-0a8f2f86-bf3a-44b3-b082-e94bd4d79ca4-removebg-preview.png\",\"contentUrl\":\"https:\/\/vvboats.lt\/wp-content\/uploads\/2025\/11\/cropped-0a8f2f86-bf3a-44b3-b082-e94bd4d79ca4-removebg-preview.png\",\"width\":707,\"height\":258,\"caption\":\"OREST VV\"},\"image\":{\"@id\":\"https:\/\/vvboats.lt\/#\/schema\/logo\/image\/\"},\"sameAs\":[\"https:\/\/www.tiktok.com\/@valciu_servisas\"]}]}<\/script>\n<!-- \/ Yoast SEO plugin. -->","yoast_head_json":{"title":"S\u0117dyn\u0117s stovas PVC val\u010diai su amortizatoriumi - boats","robots":{"index":"index","follow":"follow","max-snippet":"max-snippet:-1","max-image-preview":"max-image-preview:large","max-video-preview":"max-video-preview:-1"},"canonical":"https:\/\/vvboats.lt\/ru\/product\/sedynes-stovas-pvc-valciai-su-amortizatoriumi-2\/","og_locale":"ru_RU","og_type":"article","og_title":"S\u0117dyn\u0117s stovas PVC val\u010diai su amortizatoriumi - boats","og_description":"Sulankstomas s\u0117dyn\u0117s laikiklis PVC val\u010diai S\u0117dyn\u0117s atramos konstrukcija pagaminta i\u0161 kvadratinio metalo profilio, padengto apsaugine polimerine danga, kuri saugo nuo korozijos ir suteikia ilgaam\u017ei\u0161kum\u0105.Sulankstoma s\u0117dyn\u0117s atrama tvirtai fiksuojasi ant valties borto.D\u0117l galimyb\u0117s reguliuoti plot\u012f, gyl\u012f ir auk\u0161t\u012f, \u0161\u012f Technoparus s\u0117dyn\u0117s laikikl\u012f su besisukan\u010dia k\u0117de galima lengvai pritaikyti pagal individualius poreikius ir s\u0117d\u0117jimo patogum\u0105.","og_url":"https:\/\/vvboats.lt\/ru\/product\/sedynes-stovas-pvc-valciai-su-amortizatoriumi-2\/","og_site_name":"boats","article_modified_time":"2025-11-24T06:29:15+00:00","og_image":[{"width":1600,"height":1200,"url":"https:\/\/vvboats.lt\/wp-content\/uploads\/2025\/11\/\u0441\u0442\u043e\u0439\u043a\u0430-\u0434\u043b\u044f-\u043a\u0440\u0435\u0441\u043b\u0430-\u0432-\u043d\u0430\u0434\u0443\u0432\u043d\u0443\u044e-\u043b\u043e\u0434\u043a\u0443-\u043f\u0432\u0445-\u0437\u0430\u043d\u0438\u0436\u0435\u043d\u043d\u0430\u044f-\u0441-\u0444\u0438\u043a\u0441\u0438\u0440\u0443\u044e\u0449\u0438\u043c-\u0430\u043c\u043e\u0440\u0442\u0438\u0437\u0430\u0442\u043e\u0440\u043e\u043c-\u0422\u0435\u0445\u043d\u043e\u043f\u0430\u0440\u0443\u0441-2.jpg","type":"image\/jpeg"}],"twitter_card":"summary_large_image","schema":{"@context":"https:\/\/schema.org","@graph":[{"@type":"WebPage","@id":"https:\/\/vvboats.lt\/product\/sedynes-stovas-pvc-valciai-su-amortizatoriumi-2\/","url":"https:\/\/vvboats.lt\/product\/sedynes-stovas-pvc-valciai-su-amortizatoriumi-2\/","name":"S\u0117dyn\u0117s stovas PVC val\u010diai su amortizatoriumi - boats","isPartOf":{"@id":"https:\/\/vvboats.lt\/#website"},"primaryImageOfPage":{"@id":"https:\/\/vvboats.lt\/product\/sedynes-stovas-pvc-valciai-su-amortizatoriumi-2\/#primaryimage"},"image":{"@id":"https:\/\/vvboats.lt\/product\/sedynes-stovas-pvc-valciai-su-amortizatoriumi-2\/#primaryimage"},"thumbnailUrl":"https:\/\/vvboats.lt\/wp-content\/uploads\/2025\/11\/\u0441\u0442\u043e\u0439\u043a\u0430-\u0434\u043b\u044f-\u043a\u0440\u0435\u0441\u043b\u0430-\u0432-\u043d\u0430\u0434\u0443\u0432\u043d\u0443\u044e-\u043b\u043e\u0434\u043a\u0443-\u043f\u0432\u0445-\u0437\u0430\u043d\u0438\u0436\u0435\u043d\u043d\u0430\u044f-\u0441-\u0444\u0438\u043a\u0441\u0438\u0440\u0443\u044e\u0449\u0438\u043c-\u0430\u043c\u043e\u0440\u0442\u0438\u0437\u0430\u0442\u043e\u0440\u043e\u043c-\u0422\u0435\u0445\u043d\u043e\u043f\u0430\u0440\u0443\u0441-2.jpg","datePublished":"2025-11-24T06:29:12+00:00","dateModified":"2025-11-24T06:29:15+00:00","breadcrumb":{"@id":"https:\/\/vvboats.lt\/product\/sedynes-stovas-pvc-valciai-su-amortizatoriumi-2\/#breadcrumb"},"inLanguage":"ru-RU","potentialAction":[{"@type":"ReadAction","target":["https:\/\/vvboats.lt\/product\/sedynes-stovas-pvc-valciai-su-amortizatoriumi-2\/"]}]},{"@type":"ImageObject","inLanguage":"ru-RU","@id":"https:\/\/vvboats.lt\/product\/sedynes-stovas-pvc-valciai-su-amortizatoriumi-2\/#primaryimage","url":"https:\/\/vvboats.lt\/wp-content\/uploads\/2025\/11\/\u0441\u0442\u043e\u0439\u043a\u0430-\u0434\u043b\u044f-\u043a\u0440\u0435\u0441\u043b\u0430-\u0432-\u043d\u0430\u0434\u0443\u0432\u043d\u0443\u044e-\u043b\u043e\u0434\u043a\u0443-\u043f\u0432\u0445-\u0437\u0430\u043d\u0438\u0436\u0435\u043d\u043d\u0430\u044f-\u0441-\u0444\u0438\u043a\u0441\u0438\u0440\u0443\u044e\u0449\u0438\u043c-\u0430\u043c\u043e\u0440\u0442\u0438\u0437\u0430\u0442\u043e\u0440\u043e\u043c-\u0422\u0435\u0445\u043d\u043e\u043f\u0430\u0440\u0443\u0441-2.jpg","contentUrl":"https:\/\/vvboats.lt\/wp-content\/uploads\/2025\/11\/\u0441\u0442\u043e\u0439\u043a\u0430-\u0434\u043b\u044f-\u043a\u0440\u0435\u0441\u043b\u0430-\u0432-\u043d\u0430\u0434\u0443\u0432\u043d\u0443\u044e-\u043b\u043e\u0434\u043a\u0443-\u043f\u0432\u0445-\u0437\u0430\u043d\u0438\u0436\u0435\u043d\u043d\u0430\u044f-\u0441-\u0444\u0438\u043a\u0441\u0438\u0440\u0443\u044e\u0449\u0438\u043c-\u0430\u043c\u043e\u0440\u0442\u0438\u0437\u0430\u0442\u043e\u0440\u043e\u043c-\u0422\u0435\u0445\u043d\u043e\u043f\u0430\u0440\u0443\u0441-2.jpg","width":1600,"height":1200},{"@type":"BreadcrumbList","@id":"https:\/\/vvboats.lt\/product\/sedynes-stovas-pvc-valciai-su-amortizatoriumi-2\/#breadcrumb","itemListElement":[{"@type":"ListItem","position":1,"name":"\u0413\u043b\u0430\u0432\u043d\u0430\u044f \u0441\u0442\u0440\u0430\u043d\u0438\u0446\u0430","item":"https:\/\/vvboats.lt\/"},{"@type":"ListItem","position":2,"name":"Parduotuv\u0117","item":"https:\/\/vvboats.lt\/shop\/"},{"@type":"ListItem","position":3,"name":"S\u0117dyn\u0117s stovas PVC val\u010diai su amortizatoriumi"}]},{"@type":"WebSite","@id":"https:\/\/vvboats.lt\/#website","url":"https:\/\/vvboats.lt\/","name":"OREST VV","description":"PVC val\u010di\u0173 servisas, remontas ir tiuningas Vilniuje","publisher":{"@id":"https:\/\/vvboats.lt\/#organization"},"potentialAction":[{"@type":"SearchAction","target":{"@type":"EntryPoint","urlTemplate":"https:\/\/vvboats.lt\/?s={search_term_string}"},"query-input":{"@type":"PropertyValueSpecification","valueRequired":true,"valueName":"search_term_string"}}],"inLanguage":"ru-RU"},{"@type":"Organization","@id":"https:\/\/vvboats.lt\/#organization","name":"OREST VV","url":"https:\/\/vvboats.lt\/","logo":{"@type":"ImageObject","inLanguage":"ru-RU","@id":"https:\/\/vvboats.lt\/#\/schema\/logo\/image\/","url":"https:\/\/vvboats.lt\/wp-content\/uploads\/2025\/11\/cropped-0a8f2f86-bf3a-44b3-b082-e94bd4d79ca4-removebg-preview.png","contentUrl":"https:\/\/vvboats.lt\/wp-content\/uploads\/2025\/11\/cropped-0a8f2f86-bf3a-44b3-b082-e94bd4d79ca4-removebg-preview.png","width":707,"height":258,"caption":"OREST VV"},"image":{"@id":"https:\/\/vvboats.lt\/#\/schema\/logo\/image\/"},"sameAs":["https:\/\/www.tiktok.com\/@valciu_servisas"]}]}},"_links":{"self":[{"href":"https:\/\/vvboats.lt\/ru\/wp-json\/wp\/v2\/product\/832","targetHints":{"allow":["GET"]}}],"collection":[{"href":"https:\/\/vvboats.lt\/ru\/wp-json\/wp\/v2\/product"}],"about":[{"href":"https:\/\/vvboats.lt\/ru\/wp-json\/wp\/v2\/types\/product"}],"replies":[{"embeddable":true,"href":"https:\/\/vvboats.lt\/ru\/wp-json\/wp\/v2\/comments?post=832"}],"wp:featuredmedia":[{"embeddable":true,"href":"https:\/\/vvboats.lt\/ru\/wp-json\/wp\/v2\/media\/452"}],"wp:attachment":[{"href":"https:\/\/vvboats.lt\/ru\/wp-json\/wp\/v2\/media?parent=832"}],"wp:term":[{"taxonomy":"product_brand","embeddable":true,"href":"https:\/\/vvboats.lt\/ru\/wp-json\/wp\/v2\/product_brand?post=832"},{"taxonomy":"product_cat","embeddable":true,"href":"https:\/\/vvboats.lt\/ru\/wp-json\/wp\/v2\/product_cat?post=832"},{"taxonomy":"product_tag","embeddable":true,"href":"https:\/\/vvboats.lt\/ru\/wp-json\/wp\/v2\/product_tag?post=832"}],"curies":[{"name":"wp","href":"https:\/\/api.w.org\/{rel}","templated":true}]}}