{"id":477,"date":"2025-11-13T13:18:49","date_gmt":"2025-11-13T13:18:49","guid":{"rendered":"https:\/\/vvboats.lt\/?post_type=product&#038;p=477"},"modified":"2025-11-24T06:35:11","modified_gmt":"2025-11-24T06:35:11","slug":"automatiniai-transo-ratukai-kt3h","status":"publish","type":"product","link":"https:\/\/vvboats.lt\/ru\/product\/automatiniai-transo-ratukai-kt3h\/","title":{"rendered":"Automatiniai transo ratukai KT3M"},"content":{"rendered":"","protected":false},"excerpt":{"rendered":"<p data-start=\"116\" data-end=\"374\">Automatini\u0173 transo ratuk\u0173 <strong data-start=\"142\" data-end=\"150\">KT3N<\/strong> konstrukcija susideda i\u0161 <strong data-start=\"176\" data-end=\"199\">tvirtinimo pagrindo<\/strong> (3 mm storio ner\u016bdijan\u010dio plieno), kuris montuojamas prie transo, ir <strong data-start=\"269\" data-end=\"312\">atramos i\u0161 25\u00d725\u00d72 mm profilio vamzd\u017eio<\/strong>, turin\u010dios integruot\u0105 <strong data-start=\"335\" data-end=\"371\">automatinio fiksavimo mechanizm\u0105<\/strong>.<\/p>\n<p data-start=\"376\" data-end=\"394\"><strong data-start=\"376\" data-end=\"394\">Komplektacija:<\/strong><\/p>\n<ol data-start=\"395\" data-end=\"548\">\n<li data-start=\"395\" data-end=\"475\">\n<p data-start=\"398\" data-end=\"475\">Transo tvirtinimo plok\u0161t\u0117s su vidin\u0117mis pover\u017el\u0117mis ir atramos su ratukais;<\/p>\n<\/li>\n<li data-start=\"476\" data-end=\"548\">\n<p data-start=\"479\" data-end=\"548\"><strong data-start=\"479\" data-end=\"546\">Ner\u016bdijan\u010dio plieno tvirtinimo komplektas (var\u017etai ir ver\u017el\u0117s).<\/strong><\/p>\n<\/li>\n<\/ol>","protected":false},"featured_media":483,"comment_status":"open","ping_status":"closed","template":"","meta":[],"product_brand":[],"product_cat":[22],"product_tag":[],"class_list":{"0":"post-477","1":"product","2":"type-product","3":"status-publish","4":"has-post-thumbnail","6":"product_cat-valciu-aksesuarai","8":"first","9":"instock","10":"shipping-taxable","11":"product-type-simple"},"yoast_head":"<!-- This site is optimized with the Yoast SEO plugin v26.4 - https:\/\/yoast.com\/wordpress\/plugins\/seo\/ -->\n<title>Automatiniai transo ratukai KT3M - boats<\/title>\n<meta name=\"robots\" content=\"index, follow, max-snippet:-1, max-image-preview:large, max-video-preview:-1\" \/>\n<link rel=\"canonical\" href=\"https:\/\/vvboats.lt\/ru\/product\/automatiniai-transo-ratukai-kt3h\/\" \/>\n<meta property=\"og:locale\" content=\"ru_RU\" \/>\n<meta property=\"og:type\" content=\"article\" \/>\n<meta property=\"og:title\" content=\"Automatiniai transo ratukai KT3M - boats\" \/>\n<meta property=\"og:description\" content=\"Automatini\u0173 transo ratuk\u0173 KT3N konstrukcija susideda i\u0161 tvirtinimo pagrindo (3 mm storio ner\u016bdijan\u010dio plieno), kuris montuojamas prie transo, ir atramos i\u0161 25\u00d725\u00d72 mm profilio vamzd\u017eio, turin\u010dios integruot\u0105 automatinio fiksavimo mechanizm\u0105. Komplektacija:     Transo tvirtinimo plok\u0161t\u0117s su vidin\u0117mis pover\u017el\u0117mis ir atramos su ratukais;    Ner\u016bdijan\u010dio plieno tvirtinimo komplektas (var\u017etai ir ver\u017el\u0117s).\" \/>\n<meta property=\"og:url\" content=\"https:\/\/vvboats.lt\/ru\/product\/automatiniai-transo-ratukai-kt3h\/\" \/>\n<meta property=\"og:site_name\" content=\"boats\" \/>\n<meta property=\"article:modified_time\" content=\"2025-11-24T06:35:11+00:00\" \/>\n<meta property=\"og:image\" content=\"https:\/\/vvboats.lt\/wp-content\/uploads\/2025\/11\/Automatiniai-transo-ratukai-KT3H.jpg\" \/>\n\t<meta property=\"og:image:width\" content=\"417\" \/>\n\t<meta property=\"og:image:height\" content=\"325\" \/>\n\t<meta property=\"og:image:type\" content=\"image\/jpeg\" \/>\n<meta name=\"twitter:card\" content=\"summary_large_image\" \/>\n<script type=\"application\/ld+json\" class=\"yoast-schema-graph\">{\"@context\":\"https:\/\/schema.org\",\"@graph\":[{\"@type\":\"WebPage\",\"@id\":\"https:\/\/vvboats.lt\/product\/automatiniai-transo-ratukai-kt3h\/\",\"url\":\"https:\/\/vvboats.lt\/product\/automatiniai-transo-ratukai-kt3h\/\",\"name\":\"Automatiniai transo ratukai KT3M - boats\",\"isPartOf\":{\"@id\":\"https:\/\/vvboats.lt\/#website\"},\"primaryImageOfPage\":{\"@id\":\"https:\/\/vvboats.lt\/product\/automatiniai-transo-ratukai-kt3h\/#primaryimage\"},\"image\":{\"@id\":\"https:\/\/vvboats.lt\/product\/automatiniai-transo-ratukai-kt3h\/#primaryimage\"},\"thumbnailUrl\":\"https:\/\/vvboats.lt\/wp-content\/uploads\/2025\/11\/Automatiniai-transo-ratukai-KT3H.jpg\",\"datePublished\":\"2025-11-13T13:18:49+00:00\",\"dateModified\":\"2025-11-24T06:35:11+00:00\",\"breadcrumb\":{\"@id\":\"https:\/\/vvboats.lt\/product\/automatiniai-transo-ratukai-kt3h\/#breadcrumb\"},\"inLanguage\":\"ru-RU\",\"potentialAction\":[{\"@type\":\"ReadAction\",\"target\":[\"https:\/\/vvboats.lt\/product\/automatiniai-transo-ratukai-kt3h\/\"]}]},{\"@type\":\"ImageObject\",\"inLanguage\":\"ru-RU\",\"@id\":\"https:\/\/vvboats.lt\/product\/automatiniai-transo-ratukai-kt3h\/#primaryimage\",\"url\":\"https:\/\/vvboats.lt\/wp-content\/uploads\/2025\/11\/Automatiniai-transo-ratukai-KT3H.jpg\",\"contentUrl\":\"https:\/\/vvboats.lt\/wp-content\/uploads\/2025\/11\/Automatiniai-transo-ratukai-KT3H.jpg\",\"width\":417,\"height\":325},{\"@type\":\"BreadcrumbList\",\"@id\":\"https:\/\/vvboats.lt\/product\/automatiniai-transo-ratukai-kt3h\/#breadcrumb\",\"itemListElement\":[{\"@type\":\"ListItem\",\"position\":1,\"name\":\"\u0413\u043b\u0430\u0432\u043d\u0430\u044f \u0441\u0442\u0440\u0430\u043d\u0438\u0446\u0430\",\"item\":\"https:\/\/vvboats.lt\/\"},{\"@type\":\"ListItem\",\"position\":2,\"name\":\"Parduotuv\u0117\",\"item\":\"https:\/\/vvboats.lt\/shop\/\"},{\"@type\":\"ListItem\",\"position\":3,\"name\":\"Automatiniai transo ratukai KT3M\"}]},{\"@type\":\"WebSite\",\"@id\":\"https:\/\/vvboats.lt\/#website\",\"url\":\"https:\/\/vvboats.lt\/\",\"name\":\"OREST VV\",\"description\":\"PVC val\u010di\u0173 servisas, remontas ir tiuningas Vilniuje\",\"publisher\":{\"@id\":\"https:\/\/vvboats.lt\/#organization\"},\"potentialAction\":[{\"@type\":\"SearchAction\",\"target\":{\"@type\":\"EntryPoint\",\"urlTemplate\":\"https:\/\/vvboats.lt\/?s={search_term_string}\"},\"query-input\":{\"@type\":\"PropertyValueSpecification\",\"valueRequired\":true,\"valueName\":\"search_term_string\"}}],\"inLanguage\":\"ru-RU\"},{\"@type\":\"Organization\",\"@id\":\"https:\/\/vvboats.lt\/#organization\",\"name\":\"OREST VV\",\"url\":\"https:\/\/vvboats.lt\/\",\"logo\":{\"@type\":\"ImageObject\",\"inLanguage\":\"ru-RU\",\"@id\":\"https:\/\/vvboats.lt\/#\/schema\/logo\/image\/\",\"url\":\"https:\/\/vvboats.lt\/wp-content\/uploads\/2025\/11\/cropped-0a8f2f86-bf3a-44b3-b082-e94bd4d79ca4-removebg-preview.png\",\"contentUrl\":\"https:\/\/vvboats.lt\/wp-content\/uploads\/2025\/11\/cropped-0a8f2f86-bf3a-44b3-b082-e94bd4d79ca4-removebg-preview.png\",\"width\":707,\"height\":258,\"caption\":\"OREST VV\"},\"image\":{\"@id\":\"https:\/\/vvboats.lt\/#\/schema\/logo\/image\/\"},\"sameAs\":[\"https:\/\/www.tiktok.com\/@valciu_servisas\"]}]}<\/script>\n<!-- \/ Yoast SEO plugin. -->","yoast_head_json":{"title":"Automatiniai transo ratukai KT3M - boats","robots":{"index":"index","follow":"follow","max-snippet":"max-snippet:-1","max-image-preview":"max-image-preview:large","max-video-preview":"max-video-preview:-1"},"canonical":"https:\/\/vvboats.lt\/ru\/product\/automatiniai-transo-ratukai-kt3h\/","og_locale":"ru_RU","og_type":"article","og_title":"Automatiniai transo ratukai KT3M - boats","og_description":"Automatini\u0173 transo ratuk\u0173 KT3N konstrukcija susideda i\u0161 tvirtinimo pagrindo (3 mm storio ner\u016bdijan\u010dio plieno), kuris montuojamas prie transo, ir atramos i\u0161 25\u00d725\u00d72 mm profilio vamzd\u017eio, turin\u010dios integruot\u0105 automatinio fiksavimo mechanizm\u0105. Komplektacija:     Transo tvirtinimo plok\u0161t\u0117s su vidin\u0117mis pover\u017el\u0117mis ir atramos su ratukais;    Ner\u016bdijan\u010dio plieno tvirtinimo komplektas (var\u017etai ir ver\u017el\u0117s).","og_url":"https:\/\/vvboats.lt\/ru\/product\/automatiniai-transo-ratukai-kt3h\/","og_site_name":"boats","article_modified_time":"2025-11-24T06:35:11+00:00","og_image":[{"width":417,"height":325,"url":"https:\/\/vvboats.lt\/wp-content\/uploads\/2025\/11\/Automatiniai-transo-ratukai-KT3H.jpg","type":"image\/jpeg"}],"twitter_card":"summary_large_image","schema":{"@context":"https:\/\/schema.org","@graph":[{"@type":"WebPage","@id":"https:\/\/vvboats.lt\/product\/automatiniai-transo-ratukai-kt3h\/","url":"https:\/\/vvboats.lt\/product\/automatiniai-transo-ratukai-kt3h\/","name":"Automatiniai transo ratukai KT3M - boats","isPartOf":{"@id":"https:\/\/vvboats.lt\/#website"},"primaryImageOfPage":{"@id":"https:\/\/vvboats.lt\/product\/automatiniai-transo-ratukai-kt3h\/#primaryimage"},"image":{"@id":"https:\/\/vvboats.lt\/product\/automatiniai-transo-ratukai-kt3h\/#primaryimage"},"thumbnailUrl":"https:\/\/vvboats.lt\/wp-content\/uploads\/2025\/11\/Automatiniai-transo-ratukai-KT3H.jpg","datePublished":"2025-11-13T13:18:49+00:00","dateModified":"2025-11-24T06:35:11+00:00","breadcrumb":{"@id":"https:\/\/vvboats.lt\/product\/automatiniai-transo-ratukai-kt3h\/#breadcrumb"},"inLanguage":"ru-RU","potentialAction":[{"@type":"ReadAction","target":["https:\/\/vvboats.lt\/product\/automatiniai-transo-ratukai-kt3h\/"]}]},{"@type":"ImageObject","inLanguage":"ru-RU","@id":"https:\/\/vvboats.lt\/product\/automatiniai-transo-ratukai-kt3h\/#primaryimage","url":"https:\/\/vvboats.lt\/wp-content\/uploads\/2025\/11\/Automatiniai-transo-ratukai-KT3H.jpg","contentUrl":"https:\/\/vvboats.lt\/wp-content\/uploads\/2025\/11\/Automatiniai-transo-ratukai-KT3H.jpg","width":417,"height":325},{"@type":"BreadcrumbList","@id":"https:\/\/vvboats.lt\/product\/automatiniai-transo-ratukai-kt3h\/#breadcrumb","itemListElement":[{"@type":"ListItem","position":1,"name":"\u0413\u043b\u0430\u0432\u043d\u0430\u044f \u0441\u0442\u0440\u0430\u043d\u0438\u0446\u0430","item":"https:\/\/vvboats.lt\/"},{"@type":"ListItem","position":2,"name":"Parduotuv\u0117","item":"https:\/\/vvboats.lt\/shop\/"},{"@type":"ListItem","position":3,"name":"Automatiniai transo ratukai KT3M"}]},{"@type":"WebSite","@id":"https:\/\/vvboats.lt\/#website","url":"https:\/\/vvboats.lt\/","name":"OREST VV","description":"PVC val\u010di\u0173 servisas, remontas ir tiuningas Vilniuje","publisher":{"@id":"https:\/\/vvboats.lt\/#organization"},"potentialAction":[{"@type":"SearchAction","target":{"@type":"EntryPoint","urlTemplate":"https:\/\/vvboats.lt\/?s={search_term_string}"},"query-input":{"@type":"PropertyValueSpecification","valueRequired":true,"valueName":"search_term_string"}}],"inLanguage":"ru-RU"},{"@type":"Organization","@id":"https:\/\/vvboats.lt\/#organization","name":"OREST VV","url":"https:\/\/vvboats.lt\/","logo":{"@type":"ImageObject","inLanguage":"ru-RU","@id":"https:\/\/vvboats.lt\/#\/schema\/logo\/image\/","url":"https:\/\/vvboats.lt\/wp-content\/uploads\/2025\/11\/cropped-0a8f2f86-bf3a-44b3-b082-e94bd4d79ca4-removebg-preview.png","contentUrl":"https:\/\/vvboats.lt\/wp-content\/uploads\/2025\/11\/cropped-0a8f2f86-bf3a-44b3-b082-e94bd4d79ca4-removebg-preview.png","width":707,"height":258,"caption":"OREST VV"},"image":{"@id":"https:\/\/vvboats.lt\/#\/schema\/logo\/image\/"},"sameAs":["https:\/\/www.tiktok.com\/@valciu_servisas"]}]}},"_links":{"self":[{"href":"https:\/\/vvboats.lt\/ru\/wp-json\/wp\/v2\/product\/477","targetHints":{"allow":["GET"]}}],"collection":[{"href":"https:\/\/vvboats.lt\/ru\/wp-json\/wp\/v2\/product"}],"about":[{"href":"https:\/\/vvboats.lt\/ru\/wp-json\/wp\/v2\/types\/product"}],"replies":[{"embeddable":true,"href":"https:\/\/vvboats.lt\/ru\/wp-json\/wp\/v2\/comments?post=477"}],"wp:featuredmedia":[{"embeddable":true,"href":"https:\/\/vvboats.lt\/ru\/wp-json\/wp\/v2\/media\/483"}],"wp:attachment":[{"href":"https:\/\/vvboats.lt\/ru\/wp-json\/wp\/v2\/media?parent=477"}],"wp:term":[{"taxonomy":"product_brand","embeddable":true,"href":"https:\/\/vvboats.lt\/ru\/wp-json\/wp\/v2\/product_brand?post=477"},{"taxonomy":"product_cat","embeddable":true,"href":"https:\/\/vvboats.lt\/ru\/wp-json\/wp\/v2\/product_cat?post=477"},{"taxonomy":"product_tag","embeddable":true,"href":"https:\/\/vvboats.lt\/ru\/wp-json\/wp\/v2\/product_tag?post=477"}],"curies":[{"name":"wp","href":"https:\/\/api.w.org\/{rel}","templated":true}]}}